{"id":2989,"date":"2022-12-03T04:14:37","date_gmt":"2022-12-03T03:14:37","guid":{"rendered":"http:\/\/quaduniverse.com\/?post_type=product&#038;p=2989"},"modified":"2025-04-25T11:01:19","modified_gmt":"2025-04-25T09:01:19","slug":"bon-cadeau-randonnee-mirador-bosque-1h-avec-assurance","status":"publish","type":"product","link":"https:\/\/quaduniverse.com\/fr\/tienda\/bono-ruta-mirador-y-bosque-1h-15km-1-quad-mxu-400cc-para-2-personas-con-seguro-conductor\/","title":{"rendered":"Bono Ruta \u201cMirador y Bosque\u201d (1h \/ 15Km) (1 quad TERROX 450 2025 para 2 personas) (Con seguro conductor)"},"content":{"rendered":"<p class=\"translation-block\">Notre circuit vedette, parfait pour votre premi\u00e8re exp\u00e9rience en quad !<\/p>\n<p class=\"translation-block\">Le circuit \"Mirador y Bosque\" est adapt\u00e9 \u00e0 tous les niveaux : d\u00e9butants et familles. Un parcours mixte d'environ 15 km \u2248 1 heure (selon le groupe) qui vous permettra de d\u00e9couvrir certains des attraits naturels les plus impressionnants d'Oropesa del Mar gr\u00e2ce \u00e0 un parcours ludique en 4\u00d74 unique.<\/p>\n<p class=\"translation-block\">Apr\u00e8s avoir re\u00e7u les explications de notre guide professionnel Fran, nous nous dirigeons vers le port de plaisance o\u00f9 commencent les chemins de montagne o\u00f9 vous apprendrez \u00e0 conduire (pour de vrai) un quad. La partie sup\u00e9rieure est une zone appel\u00e9e \"El Mirador\". Cet endroit offre une vue unique sur toute la c\u00f4te levantine, de Pe\u00f1iscola au Grao de Castell\u00f3n sans oublier les \u00eeles Columbretes.<\/p>\n<p class=\"translation-block\">La deuxi\u00e8me partie du circuit guid\u00e9 en quad vous conduira dans la zone de \"La Reneg\u00e1\/El Barco\", \u00e0 c\u00f4t\u00e9 du karting d'Oropesa. Une for\u00eat m\u00e9diterran\u00e9enne magnifique et palpitante o\u00f9 vous pourrez conduire votre quad et vous divertir. Un endroit id\u00e9al pour vivre une vraie exp\u00e9rience hors des sentiers battus.<\/p>\n<p><strong><span style=\"color: #ff0000;\"><a style=\"color: #ff0000;\" href=\"http:\/\/quaduniverse.com\/fr\/randonnees-guidees-en-quad\/circuit-mirador-y-bosque-1h\/\">Description compl\u00e8te de l'activit\u00e9<\/a><\/span><\/strong><\/p>","protected":false},"excerpt":{"rendered":"<p>Bon cadeau pour une randonn\u00e9e en quad \u201cMirador y Bosque\u201d (1h) 1 quad MXU 400cc pour 2 personnes.<\/p>\n<p><b>Comprend une assurance contre les dommages corporels, une assistance m\u00e9dicale pour le conducteur et le passager. Ne couvre pas les \u00e9quipements (quad, casque)<\/b><b><br \/>\n<\/b>Voir les d\u00e9tails de la couverture dans le magasin.<\/p>\n<p>Ce bon cadeau est valable 6 mois.<\/p>\n<p>Un permis de conduire valide (B) est requis. Les accompagnateurs doivent \u00eatre \u00e2g\u00e9s d'au moins 7 ans.<\/p>\n<p>R\u00e9servation obligatoire.<br \/>\nPour confirmer la date et l'heure de la sortie, veuillez contacter Quad Universe par e-mail ou par t\u00e9l\u00e9phone.<\/p>","protected":false},"featured_media":1302,"template":"","meta":{"tpgb_global_settings":"","_joinchat":[]},"product_brand":[],"product_cat":[47],"product_tag":[],"class_list":{"0":"post-2989","1":"product","2":"type-product","3":"status-publish","4":"has-post-thumbnail","6":"product_cat-ruta-guiada-en-quad","7":"col-lg-4 col-md-6","9":"first","10":"instock","11":"featured","12":"virtual","13":"purchasable","14":"product-type-simple"},"yoast_head":"<!-- This site is optimized with the Yoast SEO plugin v27.3 - https:\/\/yoast.com\/product\/yoast-seo-wordpress\/ -->\n<title>Bono Ruta \u201cMirador y Bosque\u201d (1h \/ 15Km) (1 quad TERROX 450 2025 para 2 personas) (Con seguro conductor) - Quad Universe<\/title>\n<meta name=\"robots\" content=\"index, follow, max-snippet:-1, max-image-preview:large, max-video-preview:-1\" \/>\n<link rel=\"canonical\" href=\"https:\/\/quaduniverse.com\/fr\/shop-2\/bon-cadeau-randonnee-mirador-bosque-1h-avec-assurance\/\" \/>\n<meta property=\"og:locale\" content=\"fr_FR\" \/>\n<meta property=\"og:type\" content=\"article\" \/>\n<meta property=\"og:title\" content=\"Bono Ruta \u201cMirador y Bosque\u201d (1h \/ 15Km) (1 quad TERROX 450 2025 para 2 personas) (Con seguro conductor) - Quad Universe\" \/>\n<meta property=\"og:description\" content=\"Bono de 1 quad MXU 400cc para 2 personas para una ruta guiada \u201cMirador y Bosque\u201d (1h).  Incluye seguro de da\u00f1os corporales, asistencia sanitaria para el conductor y el acompa\u00f1ante. No cubre el material Ver detalle de la cobertura en tienda.  Este bono tiene una validez de 6 meses.  Para conducir hace falta un carnet de coche (B) valido. Acompa\u00f1antes con 7 a\u00f1os minimo.  Requiere reserva previa para realizar la ruta. Para confirmar fecha y hora de la ruta contactar con Quad Universe por email o tel\u00e9fono\" \/>\n<meta property=\"og:url\" content=\"https:\/\/quaduniverse.com\/fr\/shop-2\/bon-cadeau-randonnee-mirador-bosque-1h-avec-assurance\/\" \/>\n<meta property=\"og:site_name\" content=\"Quad Universe\" \/>\n<meta property=\"article:publisher\" content=\"https:\/\/facebook.com\/quaduniverse\" \/>\n<meta property=\"article:modified_time\" content=\"2025-04-25T09:01:19+00:00\" \/>\n<meta property=\"og:image\" content=\"http:\/\/quaduniverse.com\/wp-content\/uploads\/2022\/11\/mirador1.webp\" \/>\n\t<meta property=\"og:image:width\" content=\"1000\" \/>\n\t<meta property=\"og:image:height\" content=\"1000\" \/>\n\t<meta property=\"og:image:type\" content=\"image\/webp\" \/>\n<meta name=\"twitter:card\" content=\"summary_large_image\" \/>\n<meta name=\"twitter:label1\" content=\"Dur\u00e9e de lecture estim\u00e9e\" \/>\n\t<meta name=\"twitter:data1\" content=\"1 minute\" \/>\n<script type=\"application\/ld+json\" class=\"yoast-schema-graph\">{\"@context\":\"https:\\\/\\\/schema.org\",\"@graph\":[{\"@type\":\"WebPage\",\"@id\":\"https:\\\/\\\/quaduniverse.com\\\/tienda\\\/bono-ruta-mirador-y-bosque-1h-15km-1-quad-mxu-400cc-para-2-personas-con-seguro-conductor\\\/\",\"url\":\"https:\\\/\\\/quaduniverse.com\\\/tienda\\\/bono-ruta-mirador-y-bosque-1h-15km-1-quad-mxu-400cc-para-2-personas-con-seguro-conductor\\\/\",\"name\":\"Bono Ruta \u201cMirador y Bosque\u201d (1h \\\/ 15Km) (1 quad TERROX 450 2025 para 2 personas) (Con seguro conductor) - Quad Universe\",\"isPartOf\":{\"@id\":\"https:\\\/\\\/quaduniverse.com\\\/#website\"},\"primaryImageOfPage\":{\"@id\":\"https:\\\/\\\/quaduniverse.com\\\/tienda\\\/bono-ruta-mirador-y-bosque-1h-15km-1-quad-mxu-400cc-para-2-personas-con-seguro-conductor\\\/#primaryimage\"},\"image\":{\"@id\":\"https:\\\/\\\/quaduniverse.com\\\/tienda\\\/bono-ruta-mirador-y-bosque-1h-15km-1-quad-mxu-400cc-para-2-personas-con-seguro-conductor\\\/#primaryimage\"},\"thumbnailUrl\":\"https:\\\/\\\/quaduniverse.com\\\/wp-content\\\/uploads\\\/2022\\\/11\\\/mirador1.webp\",\"datePublished\":\"2022-12-03T03:14:37+00:00\",\"dateModified\":\"2025-04-25T09:01:19+00:00\",\"breadcrumb\":{\"@id\":\"https:\\\/\\\/quaduniverse.com\\\/tienda\\\/bono-ruta-mirador-y-bosque-1h-15km-1-quad-mxu-400cc-para-2-personas-con-seguro-conductor\\\/#breadcrumb\"},\"inLanguage\":\"fr-FR\",\"potentialAction\":[{\"@type\":\"ReadAction\",\"target\":[\"https:\\\/\\\/quaduniverse.com\\\/tienda\\\/bono-ruta-mirador-y-bosque-1h-15km-1-quad-mxu-400cc-para-2-personas-con-seguro-conductor\\\/\"]}]},{\"@type\":\"ImageObject\",\"inLanguage\":\"fr-FR\",\"@id\":\"https:\\\/\\\/quaduniverse.com\\\/tienda\\\/bono-ruta-mirador-y-bosque-1h-15km-1-quad-mxu-400cc-para-2-personas-con-seguro-conductor\\\/#primaryimage\",\"url\":\"https:\\\/\\\/quaduniverse.com\\\/wp-content\\\/uploads\\\/2022\\\/11\\\/mirador1.webp\",\"contentUrl\":\"https:\\\/\\\/quaduniverse.com\\\/wp-content\\\/uploads\\\/2022\\\/11\\\/mirador1.webp\",\"width\":1000,\"height\":1000},{\"@type\":\"BreadcrumbList\",\"@id\":\"https:\\\/\\\/quaduniverse.com\\\/tienda\\\/bono-ruta-mirador-y-bosque-1h-15km-1-quad-mxu-400cc-para-2-personas-con-seguro-conductor\\\/#breadcrumb\",\"itemListElement\":[{\"@type\":\"ListItem\",\"position\":1,\"name\":\"Portada\",\"item\":\"https:\\\/\\\/quaduniverse.com\\\/\"},{\"@type\":\"ListItem\",\"position\":2,\"name\":\"Productos\",\"item\":\"https:\\\/\\\/quaduniverse.com\\\/shop\\\/\"},{\"@type\":\"ListItem\",\"position\":3,\"name\":\"Bono Ruta \u201cMirador y Bosque\u201d (1h \\\/ 15Km) (1 quad TERROX 450 2025 para 2 personas) (Con seguro conductor)\"}]},{\"@type\":\"WebSite\",\"@id\":\"https:\\\/\\\/quaduniverse.com\\\/#website\",\"url\":\"https:\\\/\\\/quaduniverse.com\\\/\",\"name\":\"Quad Universe\",\"description\":\"Rutas guiadas en quad, Oropesa del Mar (Castell\u00f3n)\",\"publisher\":{\"@id\":\"https:\\\/\\\/quaduniverse.com\\\/#organization\"},\"alternateName\":\"Rutas guiadas en quad\",\"potentialAction\":[{\"@type\":\"SearchAction\",\"target\":{\"@type\":\"EntryPoint\",\"urlTemplate\":\"https:\\\/\\\/quaduniverse.com\\\/?s={search_term_string}\"},\"query-input\":{\"@type\":\"PropertyValueSpecification\",\"valueRequired\":true,\"valueName\":\"search_term_string\"}}],\"inLanguage\":\"fr-FR\"},{\"@type\":\"Organization\",\"@id\":\"https:\\\/\\\/quaduniverse.com\\\/#organization\",\"name\":\"Quad Universe\",\"url\":\"https:\\\/\\\/quaduniverse.com\\\/\",\"logo\":{\"@type\":\"ImageObject\",\"inLanguage\":\"fr-FR\",\"@id\":\"https:\\\/\\\/quaduniverse.com\\\/#\\\/schema\\\/logo\\\/image\\\/\",\"url\":\"https:\\\/\\\/quaduniverse.com\\\/wp-content\\\/uploads\\\/2022\\\/11\\\/logo_quaduniverse-2.webp\",\"contentUrl\":\"https:\\\/\\\/quaduniverse.com\\\/wp-content\\\/uploads\\\/2022\\\/11\\\/logo_quaduniverse-2.webp\",\"width\":450,\"height\":287,\"caption\":\"Quad Universe\"},\"image\":{\"@id\":\"https:\\\/\\\/quaduniverse.com\\\/#\\\/schema\\\/logo\\\/image\\\/\"},\"sameAs\":[\"https:\\\/\\\/facebook.com\\\/quaduniverse\",\"https:\\\/\\\/instagram.com\\\/quadoropesa\"]}]}<\/script>\n<!-- \/ Yoast SEO plugin. -->","yoast_head_json":{"title":"Bono Ruta \u201cMirador y Bosque\u201d (1h \/ 15Km) (1 quad TERROX 450 2025 para 2 personas) (Con seguro conductor) - Quad Universe","robots":{"index":"index","follow":"follow","max-snippet":"max-snippet:-1","max-image-preview":"max-image-preview:large","max-video-preview":"max-video-preview:-1"},"canonical":"https:\/\/quaduniverse.com\/fr\/shop-2\/bon-cadeau-randonnee-mirador-bosque-1h-avec-assurance\/","og_locale":"fr_FR","og_type":"article","og_title":"Bono Ruta \u201cMirador y Bosque\u201d (1h \/ 15Km) (1 quad TERROX 450 2025 para 2 personas) (Con seguro conductor) - Quad Universe","og_description":"Bono de 1 quad MXU 400cc para 2 personas para una ruta guiada \u201cMirador y Bosque\u201d (1h).  Incluye seguro de da\u00f1os corporales, asistencia sanitaria para el conductor y el acompa\u00f1ante. No cubre el material Ver detalle de la cobertura en tienda.  Este bono tiene una validez de 6 meses.  Para conducir hace falta un carnet de coche (B) valido. Acompa\u00f1antes con 7 a\u00f1os minimo.  Requiere reserva previa para realizar la ruta. Para confirmar fecha y hora de la ruta contactar con Quad Universe por email o tel\u00e9fono","og_url":"https:\/\/quaduniverse.com\/fr\/shop-2\/bon-cadeau-randonnee-mirador-bosque-1h-avec-assurance\/","og_site_name":"Quad Universe","article_publisher":"https:\/\/facebook.com\/quaduniverse","article_modified_time":"2025-04-25T09:01:19+00:00","og_image":[{"width":1000,"height":1000,"url":"http:\/\/quaduniverse.com\/wp-content\/uploads\/2022\/11\/mirador1.webp","type":"image\/webp"}],"twitter_card":"summary_large_image","twitter_misc":{"Dur\u00e9e de lecture estim\u00e9e":"1 minute"},"schema":{"@context":"https:\/\/schema.org","@graph":[{"@type":"WebPage","@id":"https:\/\/quaduniverse.com\/tienda\/bono-ruta-mirador-y-bosque-1h-15km-1-quad-mxu-400cc-para-2-personas-con-seguro-conductor\/","url":"https:\/\/quaduniverse.com\/tienda\/bono-ruta-mirador-y-bosque-1h-15km-1-quad-mxu-400cc-para-2-personas-con-seguro-conductor\/","name":"Bono Ruta \u201cMirador y Bosque\u201d (1h \/ 15Km) (1 quad TERROX 450 2025 para 2 personas) (Con seguro conductor) - Quad Universe","isPartOf":{"@id":"https:\/\/quaduniverse.com\/#website"},"primaryImageOfPage":{"@id":"https:\/\/quaduniverse.com\/tienda\/bono-ruta-mirador-y-bosque-1h-15km-1-quad-mxu-400cc-para-2-personas-con-seguro-conductor\/#primaryimage"},"image":{"@id":"https:\/\/quaduniverse.com\/tienda\/bono-ruta-mirador-y-bosque-1h-15km-1-quad-mxu-400cc-para-2-personas-con-seguro-conductor\/#primaryimage"},"thumbnailUrl":"https:\/\/quaduniverse.com\/wp-content\/uploads\/2022\/11\/mirador1.webp","datePublished":"2022-12-03T03:14:37+00:00","dateModified":"2025-04-25T09:01:19+00:00","breadcrumb":{"@id":"https:\/\/quaduniverse.com\/tienda\/bono-ruta-mirador-y-bosque-1h-15km-1-quad-mxu-400cc-para-2-personas-con-seguro-conductor\/#breadcrumb"},"inLanguage":"fr-FR","potentialAction":[{"@type":"ReadAction","target":["https:\/\/quaduniverse.com\/tienda\/bono-ruta-mirador-y-bosque-1h-15km-1-quad-mxu-400cc-para-2-personas-con-seguro-conductor\/"]}]},{"@type":"ImageObject","inLanguage":"fr-FR","@id":"https:\/\/quaduniverse.com\/tienda\/bono-ruta-mirador-y-bosque-1h-15km-1-quad-mxu-400cc-para-2-personas-con-seguro-conductor\/#primaryimage","url":"https:\/\/quaduniverse.com\/wp-content\/uploads\/2022\/11\/mirador1.webp","contentUrl":"https:\/\/quaduniverse.com\/wp-content\/uploads\/2022\/11\/mirador1.webp","width":1000,"height":1000},{"@type":"BreadcrumbList","@id":"https:\/\/quaduniverse.com\/tienda\/bono-ruta-mirador-y-bosque-1h-15km-1-quad-mxu-400cc-para-2-personas-con-seguro-conductor\/#breadcrumb","itemListElement":[{"@type":"ListItem","position":1,"name":"Portada","item":"https:\/\/quaduniverse.com\/"},{"@type":"ListItem","position":2,"name":"Productos","item":"https:\/\/quaduniverse.com\/shop\/"},{"@type":"ListItem","position":3,"name":"Bono Ruta \u201cMirador y Bosque\u201d (1h \/ 15Km) (1 quad TERROX 450 2025 para 2 personas) (Con seguro conductor)"}]},{"@type":"WebSite","@id":"https:\/\/quaduniverse.com\/#website","url":"https:\/\/quaduniverse.com\/","name":"Quad Universe - Randonn\u00e9es guid\u00e9es en quad, Oropesa del Mar, Castell\u00f3n","description":"Rutas guiadas en quad, Oropesa del Mar (Castell\u00f3n)","publisher":{"@id":"https:\/\/quaduniverse.com\/#organization"},"alternateName":"Rutas guiadas en quad","potentialAction":[{"@type":"SearchAction","target":{"@type":"EntryPoint","urlTemplate":"https:\/\/quaduniverse.com\/?s={search_term_string}"},"query-input":{"@type":"PropertyValueSpecification","valueRequired":true,"valueName":"search_term_string"}}],"inLanguage":"fr-FR"},{"@type":"Organization","@id":"https:\/\/quaduniverse.com\/#organization","name":"Quad Universe - Randonn\u00e9es guid\u00e9es en quad, Oropesa del Mar, Castell\u00f3n","url":"https:\/\/quaduniverse.com\/","logo":{"@type":"ImageObject","inLanguage":"fr-FR","@id":"https:\/\/quaduniverse.com\/#\/schema\/logo\/image\/","url":"https:\/\/quaduniverse.com\/wp-content\/uploads\/2022\/11\/logo_quaduniverse-2.webp","contentUrl":"https:\/\/quaduniverse.com\/wp-content\/uploads\/2022\/11\/logo_quaduniverse-2.webp","width":450,"height":287,"caption":"Quad Universe"},"image":{"@id":"https:\/\/quaduniverse.com\/#\/schema\/logo\/image\/"},"sameAs":["https:\/\/facebook.com\/quaduniverse","https:\/\/instagram.com\/quadoropesa"]}]}},"tpgb_featured_images":{"full":["https:\/\/quaduniverse.com\/wp-content\/uploads\/2022\/11\/mirador1.webp",1000,1000,false],"tp-image-grid":["https:\/\/quaduniverse.com\/wp-content\/uploads\/2022\/11\/mirador1.webp",700,700,false],"thumbnail":["https:\/\/quaduniverse.com\/wp-content\/uploads\/2022\/11\/mirador1-150x150.webp",150,150,true],"medium":["https:\/\/quaduniverse.com\/wp-content\/uploads\/2022\/11\/mirador1-300x300.webp",300,300,true],"medium_large":["https:\/\/quaduniverse.com\/wp-content\/uploads\/2022\/11\/mirador1-768x768.webp",768,768,true],"large":["https:\/\/quaduniverse.com\/wp-content\/uploads\/2022\/11\/mirador1.webp",1000,1000,false],"default":"https:\/\/quaduniverse.com\/wp-content\/plugins\/the-plus-addons-for-block-editor\/assets\/images\/tpgb-placeholder.jpg"},"tpgb_post_meta_info":{"get_date":"03\/12\/2022","get_modified_date":"25\/04\/2025","category_list":{"product_brand":false,"product_cat":[{"term_id":47,"name":"Ruta guiada en quad","slug":"ruta-guiada-en-quad","term_group":0,"term_taxonomy_id":47,"taxonomy":"product_cat","description":"","parent":0,"count":6,"filter":"raw"}],"product_tag":false},"comment_count":0,"post_likes":0,"post_views":0},"tpgb_post_category":{"product_cat":"<a href=\"https:\/\/quaduniverse.com\/fr\/categoria-producto\/ruta-guiada-en-quad\/\" alt=\"Ruta guiada en quad\"  class=\"product_cat-ruta-guiada-en-quad\">Ruta guiada en quad<\/a> "},"tpgb_product_data":{"price_html":"<span class=\"woocommerce-Price-amount amount\"><bdi>85,00&nbsp;<span class=\"woocommerce-Price-currencySymbol\">&euro;<\/span><\/bdi><\/span>","type":"simple","gallery":["https:\/\/quaduniverse.com\/wp-content\/uploads\/2022\/11\/mirador4.webp",1000,1000,false],"category":"Ruta guiada en quad","procatslug":"ruta-guiada-en-quad"},"jetpack_sharing_enabled":true,"_links":{"self":[{"href":"https:\/\/quaduniverse.com\/fr\/wp-json\/wp\/v2\/product\/2989","targetHints":{"allow":["GET"]}}],"collection":[{"href":"https:\/\/quaduniverse.com\/fr\/wp-json\/wp\/v2\/product"}],"about":[{"href":"https:\/\/quaduniverse.com\/fr\/wp-json\/wp\/v2\/types\/product"}],"wp:featuredmedia":[{"embeddable":true,"href":"https:\/\/quaduniverse.com\/fr\/wp-json\/wp\/v2\/media\/1302"}],"wp:attachment":[{"href":"https:\/\/quaduniverse.com\/fr\/wp-json\/wp\/v2\/media?parent=2989"}],"wp:term":[{"taxonomy":"product_brand","embeddable":true,"href":"https:\/\/quaduniverse.com\/fr\/wp-json\/wp\/v2\/product_brand?post=2989"},{"taxonomy":"product_cat","embeddable":true,"href":"https:\/\/quaduniverse.com\/fr\/wp-json\/wp\/v2\/product_cat?post=2989"},{"taxonomy":"product_tag","embeddable":true,"href":"https:\/\/quaduniverse.com\/fr\/wp-json\/wp\/v2\/product_tag?post=2989"}],"curies":[{"name":"wp","href":"https:\/\/api.w.org\/{rel}","templated":true}]}}