{"id":2680,"date":"2022-12-02T21:29:55","date_gmt":"2022-12-02T20:29:55","guid":{"rendered":"http:\/\/quaduniverse.com\/?post_type=product&#038;p=2680"},"modified":"2025-07-11T11:03:18","modified_gmt":"2025-07-11T09:03:18","slug":"bono-ruta-el-cuartico-3h-1-quad-mxu-400cc-para-2-personas","status":"publish","type":"product","link":"https:\/\/quaduniverse.com\/fr\/tienda\/bono-ruta-el-cuartico-3h-1-quad-mxu-400cc-para-2-personas\/","title":{"rendered":"Bono Ruta &#8220;El Cuartico&#8221; (3h) (1 quad TERROX 450 2025 para 2 personas) (Sin seguro conductor)"},"content":{"rendered":"<p class=\"translation-block\">Notre circuit guid\u00e9 en quad \"El cuartico\" est une randonn\u00e9e tout-terrain id\u00e9ale pour votre deuxi\u00e8me exp\u00e9rience.<\/p>\n<p class=\"translation-block\">C'est notre meilleur circuit en quad. En raison de sa cadence et de sa dur\u00e9e, il n'est pas recommand\u00e9 aux d\u00e9butants. Toutefois, si vous \u00eates un aventurier dans l'\u00e2me, contactez-nous. Nous serons heureux de vous conseiller.<\/p>\n<p class=\"translation-block\">\"El cuartico\", c'est plus de 60 km de sentiers mixtes qui vous permettront d'explorer les coins les plus uniques de la r\u00e9gion entre Oropesa del Mar, Cabanes, Torreblanca et Benlloch. 80% du parcours est constitu\u00e9 de routes de montagne, de for\u00eat, de 4\u00d74 dans un environnement sauvage, avec des vues imprenables.<\/p>\n<p>La actividad comienza con una sesi\u00f3n de formaci\u00f3n por nuestro gu\u00eda profesional, Fran. Al terminar, nos dirigimos a la &#8216;Ribera de Cabanes&#8217;, pasando en medio de la monta\u00f1a.<\/p>\n<p class=\"translation-block\">Nous nous aventurons sur une longue route foresti\u00e8re \u00e0 travers les collines jusqu'\u00e0 une ferme solaire et arrivons finalement au \"cuartico\".\nUn hameau charg\u00e9 d'histoire o\u00f9, tout en nous relaxant, nous parlerons de ses habitants et de leur histoire.<\/p>\n<p>La ruta a parte de <strong>ser muy l\u00fadica<\/strong>, se caracteriza por pasar por zonas habitadas por <strong>muchas especies de animales<\/strong>, este atento se ven muchos \ud83d\ude09<\/p>\n<p><strong>Cette randonn\u00e9e est la plus recommand\u00e9e et compl\u00e8te que nous pouvons vous offrir.<\/strong><\/p>\n<p><span style=\"color: #ff0000;\"><strong><a style=\"color: #ff0000;\" href=\"http:\/\/quaduniverse.com\/fr\/randonnees-guidees-en-quad\/circuit-el-cuartico-3h\/\">En savoir plus sur la randonn\u00e9e \"El Cuartico\"<\/a><\/strong><\/span><\/p>","protected":false},"excerpt":{"rendered":"<p>Bon cadeau pour une randonn\u00e9e en quad \u201cEl cuartico\u201d (3h) 1 quad MXU 400cc pour 2 personnes.<\/p>\n<p>Assurance conducteur non inclue.<br \/>\nCe bon cadeau est valable 6 mois.<\/p>\n<p>Un permis de conduire valide (B) est requis. Les accompagnateurs doivent \u00eatre \u00e2g\u00e9s d'au moins 7 ans.<\/p>\n<p>R\u00e9servation obligatoire.<br \/>\nPour confirmer la date et l'heure de la sortie, veuillez contacter Quad Universe par e-mail ou par t\u00e9l\u00e9phone.<\/p>","protected":false},"featured_media":1331,"template":"","meta":{"tpgb_global_settings":"","_joinchat":[]},"product_brand":[],"product_cat":[47],"product_tag":[],"class_list":{"0":"post-2680","1":"product","2":"type-product","3":"status-publish","4":"has-post-thumbnail","6":"product_cat-ruta-guiada-en-quad","7":"col-lg-4 col-md-6","9":"first","10":"instock","11":"virtual","12":"taxable","13":"purchasable","14":"product-type-simple"},"yoast_head":"<!-- This site is optimized with the Yoast SEO plugin v27.4 - https:\/\/yoast.com\/product\/yoast-seo-wordpress\/ -->\n<title>Bono Ruta &quot;El Cuartico&quot; (3h) (1 quad TERROX 450 2025 para 2 personas) (Sin seguro conductor) - Quad Universe<\/title>\n<meta name=\"robots\" content=\"index, follow, max-snippet:-1, max-image-preview:large, max-video-preview:-1\" \/>\n<link rel=\"canonical\" href=\"https:\/\/quaduniverse.com\/fr\/shop-2\/bono-ruta-el-cuartico-3h-1-quad-mxu-400cc-para-2-personas\/\" \/>\n<meta property=\"og:locale\" content=\"fr_FR\" \/>\n<meta property=\"og:type\" content=\"article\" \/>\n<meta property=\"og:title\" content=\"Bono Ruta &quot;El Cuartico&quot; (3h) (1 quad TERROX 450 2025 para 2 personas) (Sin seguro conductor) - Quad Universe\" \/>\n<meta property=\"og:description\" content=\"Bono de 1 quad MXU 400cc para 2 personas para una ruta guiada \u201cEl cuartico\u201d (3h).  Sin seguro para el conductor. Este bono tiene una validez de 6 meses.  Para conducir hace falta un carnet de coche (B) valido. Acompa\u00f1antes con 7 a\u00f1os minimo.  Requiere reserva previa para realizar la ruta. Para confirmar fecha y hora de la ruta contactar con Quad Universe por email o tel\u00e9fono\" \/>\n<meta property=\"og:url\" content=\"https:\/\/quaduniverse.com\/fr\/shop-2\/bono-ruta-el-cuartico-3h-1-quad-mxu-400cc-para-2-personas\/\" \/>\n<meta property=\"og:site_name\" content=\"Quad Universe\" \/>\n<meta property=\"article:publisher\" content=\"https:\/\/facebook.com\/quaduniverse\" \/>\n<meta property=\"article:modified_time\" content=\"2025-07-11T09:03:18+00:00\" \/>\n<meta property=\"og:image\" content=\"http:\/\/quaduniverse.com\/wp-content\/uploads\/2022\/11\/cuartico-2-1.webp\" \/>\n\t<meta property=\"og:image:width\" content=\"1000\" \/>\n\t<meta property=\"og:image:height\" content=\"1000\" \/>\n\t<meta property=\"og:image:type\" content=\"image\/webp\" \/>\n<meta name=\"twitter:card\" content=\"summary_large_image\" \/>\n<meta name=\"twitter:label1\" content=\"Dur\u00e9e de lecture estim\u00e9e\" \/>\n\t<meta name=\"twitter:data1\" content=\"2 minutes\" \/>\n<script type=\"application\/ld+json\" class=\"yoast-schema-graph\">{\"@context\":\"https:\\\/\\\/schema.org\",\"@graph\":[{\"@type\":\"WebPage\",\"@id\":\"https:\\\/\\\/quaduniverse.com\\\/tienda\\\/bono-ruta-el-cuartico-3h-1-quad-mxu-400cc-para-2-personas\\\/\",\"url\":\"https:\\\/\\\/quaduniverse.com\\\/tienda\\\/bono-ruta-el-cuartico-3h-1-quad-mxu-400cc-para-2-personas\\\/\",\"name\":\"Bono Ruta \\\"El Cuartico\\\" (3h) (1 quad TERROX 450 2025 para 2 personas) (Sin seguro conductor) - Quad Universe\",\"isPartOf\":{\"@id\":\"https:\\\/\\\/quaduniverse.com\\\/#website\"},\"primaryImageOfPage\":{\"@id\":\"https:\\\/\\\/quaduniverse.com\\\/tienda\\\/bono-ruta-el-cuartico-3h-1-quad-mxu-400cc-para-2-personas\\\/#primaryimage\"},\"image\":{\"@id\":\"https:\\\/\\\/quaduniverse.com\\\/tienda\\\/bono-ruta-el-cuartico-3h-1-quad-mxu-400cc-para-2-personas\\\/#primaryimage\"},\"thumbnailUrl\":\"https:\\\/\\\/quaduniverse.com\\\/wp-content\\\/uploads\\\/2022\\\/11\\\/cuartico-2-1.webp\",\"datePublished\":\"2022-12-02T20:29:55+00:00\",\"dateModified\":\"2025-07-11T09:03:18+00:00\",\"breadcrumb\":{\"@id\":\"https:\\\/\\\/quaduniverse.com\\\/tienda\\\/bono-ruta-el-cuartico-3h-1-quad-mxu-400cc-para-2-personas\\\/#breadcrumb\"},\"inLanguage\":\"fr-FR\",\"potentialAction\":[{\"@type\":\"ReadAction\",\"target\":[\"https:\\\/\\\/quaduniverse.com\\\/tienda\\\/bono-ruta-el-cuartico-3h-1-quad-mxu-400cc-para-2-personas\\\/\"]}]},{\"@type\":\"ImageObject\",\"inLanguage\":\"fr-FR\",\"@id\":\"https:\\\/\\\/quaduniverse.com\\\/tienda\\\/bono-ruta-el-cuartico-3h-1-quad-mxu-400cc-para-2-personas\\\/#primaryimage\",\"url\":\"https:\\\/\\\/quaduniverse.com\\\/wp-content\\\/uploads\\\/2022\\\/11\\\/cuartico-2-1.webp\",\"contentUrl\":\"https:\\\/\\\/quaduniverse.com\\\/wp-content\\\/uploads\\\/2022\\\/11\\\/cuartico-2-1.webp\",\"width\":1000,\"height\":1000},{\"@type\":\"BreadcrumbList\",\"@id\":\"https:\\\/\\\/quaduniverse.com\\\/tienda\\\/bono-ruta-el-cuartico-3h-1-quad-mxu-400cc-para-2-personas\\\/#breadcrumb\",\"itemListElement\":[{\"@type\":\"ListItem\",\"position\":1,\"name\":\"Portada\",\"item\":\"https:\\\/\\\/quaduniverse.com\\\/\"},{\"@type\":\"ListItem\",\"position\":2,\"name\":\"Productos\",\"item\":\"https:\\\/\\\/quaduniverse.com\\\/shop\\\/\"},{\"@type\":\"ListItem\",\"position\":3,\"name\":\"Bono Ruta &#8220;El Cuartico&#8221; (3h) (1 quad TERROX 450 2025 para 2 personas) (Sin seguro conductor)\"}]},{\"@type\":\"WebSite\",\"@id\":\"https:\\\/\\\/quaduniverse.com\\\/#website\",\"url\":\"https:\\\/\\\/quaduniverse.com\\\/\",\"name\":\"Quad Universe\",\"description\":\"Rutas guiadas en quad, Oropesa del Mar (Castell\u00f3n)\",\"publisher\":{\"@id\":\"https:\\\/\\\/quaduniverse.com\\\/#organization\"},\"alternateName\":\"Rutas guiadas en quad\",\"potentialAction\":[{\"@type\":\"SearchAction\",\"target\":{\"@type\":\"EntryPoint\",\"urlTemplate\":\"https:\\\/\\\/quaduniverse.com\\\/?s={search_term_string}\"},\"query-input\":{\"@type\":\"PropertyValueSpecification\",\"valueRequired\":true,\"valueName\":\"search_term_string\"}}],\"inLanguage\":\"fr-FR\"},{\"@type\":\"Organization\",\"@id\":\"https:\\\/\\\/quaduniverse.com\\\/#organization\",\"name\":\"Quad Universe\",\"url\":\"https:\\\/\\\/quaduniverse.com\\\/\",\"logo\":{\"@type\":\"ImageObject\",\"inLanguage\":\"fr-FR\",\"@id\":\"https:\\\/\\\/quaduniverse.com\\\/#\\\/schema\\\/logo\\\/image\\\/\",\"url\":\"https:\\\/\\\/quaduniverse.com\\\/wp-content\\\/uploads\\\/2022\\\/11\\\/logo_quaduniverse-2.webp\",\"contentUrl\":\"https:\\\/\\\/quaduniverse.com\\\/wp-content\\\/uploads\\\/2022\\\/11\\\/logo_quaduniverse-2.webp\",\"width\":450,\"height\":287,\"caption\":\"Quad Universe\"},\"image\":{\"@id\":\"https:\\\/\\\/quaduniverse.com\\\/#\\\/schema\\\/logo\\\/image\\\/\"},\"sameAs\":[\"https:\\\/\\\/facebook.com\\\/quaduniverse\",\"https:\\\/\\\/instagram.com\\\/quadoropesa\"]}]}<\/script>\n<!-- \/ Yoast SEO plugin. -->","yoast_head_json":{"title":"Bono Ruta \"El Cuartico\" (3h) (1 quad TERROX 450 2025 para 2 personas) (Sin seguro conductor) - Quad Universe","robots":{"index":"index","follow":"follow","max-snippet":"max-snippet:-1","max-image-preview":"max-image-preview:large","max-video-preview":"max-video-preview:-1"},"canonical":"https:\/\/quaduniverse.com\/fr\/shop-2\/bono-ruta-el-cuartico-3h-1-quad-mxu-400cc-para-2-personas\/","og_locale":"fr_FR","og_type":"article","og_title":"Bono Ruta \"El Cuartico\" (3h) (1 quad TERROX 450 2025 para 2 personas) (Sin seguro conductor) - Quad Universe","og_description":"Bono de 1 quad MXU 400cc para 2 personas para una ruta guiada \u201cEl cuartico\u201d (3h).  Sin seguro para el conductor. Este bono tiene una validez de 6 meses.  Para conducir hace falta un carnet de coche (B) valido. Acompa\u00f1antes con 7 a\u00f1os minimo.  Requiere reserva previa para realizar la ruta. Para confirmar fecha y hora de la ruta contactar con Quad Universe por email o tel\u00e9fono","og_url":"https:\/\/quaduniverse.com\/fr\/shop-2\/bono-ruta-el-cuartico-3h-1-quad-mxu-400cc-para-2-personas\/","og_site_name":"Quad Universe","article_publisher":"https:\/\/facebook.com\/quaduniverse","article_modified_time":"2025-07-11T09:03:18+00:00","og_image":[{"width":1000,"height":1000,"url":"http:\/\/quaduniverse.com\/wp-content\/uploads\/2022\/11\/cuartico-2-1.webp","type":"image\/webp"}],"twitter_card":"summary_large_image","twitter_misc":{"Dur\u00e9e de lecture estim\u00e9e":"2 minutes"},"schema":{"@context":"https:\/\/schema.org","@graph":[{"@type":"WebPage","@id":"https:\/\/quaduniverse.com\/tienda\/bono-ruta-el-cuartico-3h-1-quad-mxu-400cc-para-2-personas\/","url":"https:\/\/quaduniverse.com\/tienda\/bono-ruta-el-cuartico-3h-1-quad-mxu-400cc-para-2-personas\/","name":"Bono Ruta \"El Cuartico\" (3h) (1 quad TERROX 450 2025 para 2 personas) (Sin seguro conductor) - Quad Universe","isPartOf":{"@id":"https:\/\/quaduniverse.com\/#website"},"primaryImageOfPage":{"@id":"https:\/\/quaduniverse.com\/tienda\/bono-ruta-el-cuartico-3h-1-quad-mxu-400cc-para-2-personas\/#primaryimage"},"image":{"@id":"https:\/\/quaduniverse.com\/tienda\/bono-ruta-el-cuartico-3h-1-quad-mxu-400cc-para-2-personas\/#primaryimage"},"thumbnailUrl":"https:\/\/quaduniverse.com\/wp-content\/uploads\/2022\/11\/cuartico-2-1.webp","datePublished":"2022-12-02T20:29:55+00:00","dateModified":"2025-07-11T09:03:18+00:00","breadcrumb":{"@id":"https:\/\/quaduniverse.com\/tienda\/bono-ruta-el-cuartico-3h-1-quad-mxu-400cc-para-2-personas\/#breadcrumb"},"inLanguage":"fr-FR","potentialAction":[{"@type":"ReadAction","target":["https:\/\/quaduniverse.com\/tienda\/bono-ruta-el-cuartico-3h-1-quad-mxu-400cc-para-2-personas\/"]}]},{"@type":"ImageObject","inLanguage":"fr-FR","@id":"https:\/\/quaduniverse.com\/tienda\/bono-ruta-el-cuartico-3h-1-quad-mxu-400cc-para-2-personas\/#primaryimage","url":"https:\/\/quaduniverse.com\/wp-content\/uploads\/2022\/11\/cuartico-2-1.webp","contentUrl":"https:\/\/quaduniverse.com\/wp-content\/uploads\/2022\/11\/cuartico-2-1.webp","width":1000,"height":1000},{"@type":"BreadcrumbList","@id":"https:\/\/quaduniverse.com\/tienda\/bono-ruta-el-cuartico-3h-1-quad-mxu-400cc-para-2-personas\/#breadcrumb","itemListElement":[{"@type":"ListItem","position":1,"name":"Portada","item":"https:\/\/quaduniverse.com\/"},{"@type":"ListItem","position":2,"name":"Productos","item":"https:\/\/quaduniverse.com\/shop\/"},{"@type":"ListItem","position":3,"name":"Bono Ruta &#8220;El Cuartico&#8221; (3h) (1 quad TERROX 450 2025 para 2 personas) (Sin seguro conductor)"}]},{"@type":"WebSite","@id":"https:\/\/quaduniverse.com\/#website","url":"https:\/\/quaduniverse.com\/","name":"Quad Universe - Randonn\u00e9es guid\u00e9es en quad, Oropesa del Mar, Castell\u00f3n","description":"Rutas guiadas en quad, Oropesa del Mar (Castell\u00f3n)","publisher":{"@id":"https:\/\/quaduniverse.com\/#organization"},"alternateName":"Rutas guiadas en quad","potentialAction":[{"@type":"SearchAction","target":{"@type":"EntryPoint","urlTemplate":"https:\/\/quaduniverse.com\/?s={search_term_string}"},"query-input":{"@type":"PropertyValueSpecification","valueRequired":true,"valueName":"search_term_string"}}],"inLanguage":"fr-FR"},{"@type":"Organization","@id":"https:\/\/quaduniverse.com\/#organization","name":"Quad Universe - Randonn\u00e9es guid\u00e9es en quad, Oropesa del Mar, Castell\u00f3n","url":"https:\/\/quaduniverse.com\/","logo":{"@type":"ImageObject","inLanguage":"fr-FR","@id":"https:\/\/quaduniverse.com\/#\/schema\/logo\/image\/","url":"https:\/\/quaduniverse.com\/wp-content\/uploads\/2022\/11\/logo_quaduniverse-2.webp","contentUrl":"https:\/\/quaduniverse.com\/wp-content\/uploads\/2022\/11\/logo_quaduniverse-2.webp","width":450,"height":287,"caption":"Quad Universe"},"image":{"@id":"https:\/\/quaduniverse.com\/#\/schema\/logo\/image\/"},"sameAs":["https:\/\/facebook.com\/quaduniverse","https:\/\/instagram.com\/quadoropesa"]}]}},"tpgb_featured_images":{"full":["https:\/\/quaduniverse.com\/wp-content\/uploads\/2022\/11\/cuartico-2-1.webp",1000,1000,false],"tp-image-grid":["https:\/\/quaduniverse.com\/wp-content\/uploads\/2022\/11\/cuartico-2-1.webp",700,700,false],"thumbnail":["https:\/\/quaduniverse.com\/wp-content\/uploads\/2022\/11\/cuartico-2-1-150x150.webp",150,150,true],"medium":["https:\/\/quaduniverse.com\/wp-content\/uploads\/2022\/11\/cuartico-2-1-300x300.webp",300,300,true],"medium_large":["https:\/\/quaduniverse.com\/wp-content\/uploads\/2022\/11\/cuartico-2-1-768x768.webp",768,768,true],"large":["https:\/\/quaduniverse.com\/wp-content\/uploads\/2022\/11\/cuartico-2-1.webp",1000,1000,false],"default":"https:\/\/quaduniverse.com\/wp-content\/plugins\/the-plus-addons-for-block-editor\/assets\/images\/tpgb-placeholder.jpg"},"tpgb_post_meta_info":{"get_date":"02\/12\/2022","get_modified_date":"11\/07\/2025","category_list":{"product_brand":false,"product_cat":[{"term_id":47,"name":"Ruta guiada en quad","slug":"ruta-guiada-en-quad","term_group":0,"term_taxonomy_id":47,"taxonomy":"product_cat","description":"","parent":0,"count":6,"filter":"raw"}],"product_tag":false},"comment_count":0,"post_likes":0,"post_views":0},"tpgb_post_category":{"product_cat":"<a href=\"https:\/\/quaduniverse.com\/fr\/categoria-producto\/ruta-guiada-en-quad\/\" alt=\"Ruta guiada en quad\"  class=\"product_cat-ruta-guiada-en-quad\">Ruta guiada en quad<\/a> "},"tpgb_product_data":{"price_html":"<span class=\"woocommerce-Price-amount amount\"><bdi>160,00&nbsp;<span class=\"woocommerce-Price-currencySymbol\">&euro;<\/span><\/bdi><\/span>","type":"simple","gallery":["https:\/\/quaduniverse.com\/wp-content\/uploads\/2022\/11\/291864102_2841197432855275_4694114036641344678_n.jpeg",1440,1440,false],"category":"Ruta guiada en quad","procatslug":"ruta-guiada-en-quad"},"jetpack_sharing_enabled":true,"_links":{"self":[{"href":"https:\/\/quaduniverse.com\/fr\/wp-json\/wp\/v2\/product\/2680","targetHints":{"allow":["GET"]}}],"collection":[{"href":"https:\/\/quaduniverse.com\/fr\/wp-json\/wp\/v2\/product"}],"about":[{"href":"https:\/\/quaduniverse.com\/fr\/wp-json\/wp\/v2\/types\/product"}],"wp:featuredmedia":[{"embeddable":true,"href":"https:\/\/quaduniverse.com\/fr\/wp-json\/wp\/v2\/media\/1331"}],"wp:attachment":[{"href":"https:\/\/quaduniverse.com\/fr\/wp-json\/wp\/v2\/media?parent=2680"}],"wp:term":[{"taxonomy":"product_brand","embeddable":true,"href":"https:\/\/quaduniverse.com\/fr\/wp-json\/wp\/v2\/product_brand?post=2680"},{"taxonomy":"product_cat","embeddable":true,"href":"https:\/\/quaduniverse.com\/fr\/wp-json\/wp\/v2\/product_cat?post=2680"},{"taxonomy":"product_tag","embeddable":true,"href":"https:\/\/quaduniverse.com\/fr\/wp-json\/wp\/v2\/product_tag?post=2680"}],"curies":[{"name":"wp","href":"https:\/\/api.w.org\/{rel}","templated":true}]}}