{"id":2666,"date":"2022-12-02T20:28:28","date_gmt":"2022-12-02T19:28:28","guid":{"rendered":"http:\/\/quaduniverse.com\/finalizar-compra\/recibo\/"},"modified":"2022-12-02T20:28:28","modified_gmt":"2022-12-02T19:28:28","slug":"recibo","status":"publish","type":"page","link":"https:\/\/quaduniverse.com\/fr\/checkout\/recibo\/","title":{"rendered":"Recibo"},"content":{"rendered":"","protected":false},"excerpt":{"rendered":"","protected":false},"author":1,"featured_media":0,"parent":2665,"menu_order":0,"comment_status":"closed","ping_status":"closed","template":"","meta":{"tpgb_global_settings":"","_joinchat":[],"footnotes":""},"class_list":["post-2666","page","type-page","status-publish","hentry","col-lg-4 col-md-6"],"yoast_head":"<!-- This site is optimized with the Yoast SEO plugin v27.4 - https:\/\/yoast.com\/product\/yoast-seo-wordpress\/ -->\n<title>Recibo - Quad Universe<\/title>\n<meta name=\"robots\" content=\"index, follow, max-snippet:-1, max-image-preview:large, max-video-preview:-1\" \/>\n<link rel=\"canonical\" href=\"https:\/\/quaduniverse.com\/fr\/checkout\/recibo\/\" \/>\n<meta property=\"og:locale\" content=\"fr_FR\" \/>\n<meta property=\"og:type\" content=\"article\" \/>\n<meta property=\"og:title\" content=\"Recibo - Quad Universe\" \/>\n<meta property=\"og:url\" content=\"https:\/\/quaduniverse.com\/fr\/checkout\/recibo\/\" \/>\n<meta property=\"og:site_name\" content=\"Quad Universe\" \/>\n<meta property=\"article:publisher\" content=\"https:\/\/facebook.com\/quaduniverse\" \/>\n<meta name=\"twitter:card\" content=\"summary_large_image\" \/>\n<script type=\"application\/ld+json\" class=\"yoast-schema-graph\">{\"@context\":\"https:\\\/\\\/schema.org\",\"@graph\":[{\"@type\":\"WebPage\",\"@id\":\"https:\\\/\\\/quaduniverse.com\\\/checkout\\\/recibo\\\/\",\"url\":\"https:\\\/\\\/quaduniverse.com\\\/checkout\\\/recibo\\\/\",\"name\":\"Recibo - Quad Universe\",\"isPartOf\":{\"@id\":\"https:\\\/\\\/quaduniverse.com\\\/#website\"},\"datePublished\":\"2022-12-02T19:28:28+00:00\",\"breadcrumb\":{\"@id\":\"https:\\\/\\\/quaduniverse.com\\\/checkout\\\/recibo\\\/#breadcrumb\"},\"inLanguage\":\"fr-FR\",\"potentialAction\":[{\"@type\":\"ReadAction\",\"target\":[\"https:\\\/\\\/quaduniverse.com\\\/checkout\\\/recibo\\\/\"]}]},{\"@type\":\"BreadcrumbList\",\"@id\":\"https:\\\/\\\/quaduniverse.com\\\/checkout\\\/recibo\\\/#breadcrumb\",\"itemListElement\":[{\"@type\":\"ListItem\",\"position\":1,\"name\":\"Portada\",\"item\":\"https:\\\/\\\/quaduniverse.com\\\/\"},{\"@type\":\"ListItem\",\"position\":2,\"name\":\"Finalizar compra\",\"item\":\"https:\\\/\\\/quaduniverse.com\\\/checkout\\\/\"},{\"@type\":\"ListItem\",\"position\":3,\"name\":\"Recibo\"}]},{\"@type\":\"WebSite\",\"@id\":\"https:\\\/\\\/quaduniverse.com\\\/#website\",\"url\":\"https:\\\/\\\/quaduniverse.com\\\/\",\"name\":\"Quad Universe\",\"description\":\"Rutas guiadas en quad, Oropesa del Mar (Castell\u00f3n)\",\"publisher\":{\"@id\":\"https:\\\/\\\/quaduniverse.com\\\/#organization\"},\"alternateName\":\"Rutas guiadas en quad\",\"potentialAction\":[{\"@type\":\"SearchAction\",\"target\":{\"@type\":\"EntryPoint\",\"urlTemplate\":\"https:\\\/\\\/quaduniverse.com\\\/?s={search_term_string}\"},\"query-input\":{\"@type\":\"PropertyValueSpecification\",\"valueRequired\":true,\"valueName\":\"search_term_string\"}}],\"inLanguage\":\"fr-FR\"},{\"@type\":\"Organization\",\"@id\":\"https:\\\/\\\/quaduniverse.com\\\/#organization\",\"name\":\"Quad Universe\",\"url\":\"https:\\\/\\\/quaduniverse.com\\\/\",\"logo\":{\"@type\":\"ImageObject\",\"inLanguage\":\"fr-FR\",\"@id\":\"https:\\\/\\\/quaduniverse.com\\\/#\\\/schema\\\/logo\\\/image\\\/\",\"url\":\"https:\\\/\\\/quaduniverse.com\\\/wp-content\\\/uploads\\\/2022\\\/11\\\/logo_quaduniverse-2.webp\",\"contentUrl\":\"https:\\\/\\\/quaduniverse.com\\\/wp-content\\\/uploads\\\/2022\\\/11\\\/logo_quaduniverse-2.webp\",\"width\":450,\"height\":287,\"caption\":\"Quad Universe\"},\"image\":{\"@id\":\"https:\\\/\\\/quaduniverse.com\\\/#\\\/schema\\\/logo\\\/image\\\/\"},\"sameAs\":[\"https:\\\/\\\/facebook.com\\\/quaduniverse\",\"https:\\\/\\\/instagram.com\\\/quadoropesa\"]}]}<\/script>\n<!-- \/ Yoast SEO plugin. -->","yoast_head_json":{"title":"Recibo - Quad Universe","robots":{"index":"index","follow":"follow","max-snippet":"max-snippet:-1","max-image-preview":"max-image-preview:large","max-video-preview":"max-video-preview:-1"},"canonical":"https:\/\/quaduniverse.com\/fr\/checkout\/recibo\/","og_locale":"fr_FR","og_type":"article","og_title":"Recibo - Quad Universe","og_url":"https:\/\/quaduniverse.com\/fr\/checkout\/recibo\/","og_site_name":"Quad Universe","article_publisher":"https:\/\/facebook.com\/quaduniverse","twitter_card":"summary_large_image","schema":{"@context":"https:\/\/schema.org","@graph":[{"@type":"WebPage","@id":"https:\/\/quaduniverse.com\/checkout\/recibo\/","url":"https:\/\/quaduniverse.com\/checkout\/recibo\/","name":"Recibo - Quad Universe","isPartOf":{"@id":"https:\/\/quaduniverse.com\/#website"},"datePublished":"2022-12-02T19:28:28+00:00","breadcrumb":{"@id":"https:\/\/quaduniverse.com\/checkout\/recibo\/#breadcrumb"},"inLanguage":"fr-FR","potentialAction":[{"@type":"ReadAction","target":["https:\/\/quaduniverse.com\/checkout\/recibo\/"]}]},{"@type":"BreadcrumbList","@id":"https:\/\/quaduniverse.com\/checkout\/recibo\/#breadcrumb","itemListElement":[{"@type":"ListItem","position":1,"name":"Portada","item":"https:\/\/quaduniverse.com\/"},{"@type":"ListItem","position":2,"name":"Finalizar compra","item":"https:\/\/quaduniverse.com\/checkout\/"},{"@type":"ListItem","position":3,"name":"Recibo"}]},{"@type":"WebSite","@id":"https:\/\/quaduniverse.com\/#website","url":"https:\/\/quaduniverse.com\/","name":"Quad Universe - Randonn\u00e9es guid\u00e9es en quad, Oropesa del Mar, Castell\u00f3n","description":"Rutas guiadas en quad, Oropesa del Mar (Castell\u00f3n)","publisher":{"@id":"https:\/\/quaduniverse.com\/#organization"},"alternateName":"Rutas guiadas en quad","potentialAction":[{"@type":"SearchAction","target":{"@type":"EntryPoint","urlTemplate":"https:\/\/quaduniverse.com\/?s={search_term_string}"},"query-input":{"@type":"PropertyValueSpecification","valueRequired":true,"valueName":"search_term_string"}}],"inLanguage":"fr-FR"},{"@type":"Organization","@id":"https:\/\/quaduniverse.com\/#organization","name":"Quad Universe - Randonn\u00e9es guid\u00e9es en quad, Oropesa del Mar, Castell\u00f3n","url":"https:\/\/quaduniverse.com\/","logo":{"@type":"ImageObject","inLanguage":"fr-FR","@id":"https:\/\/quaduniverse.com\/#\/schema\/logo\/image\/","url":"https:\/\/quaduniverse.com\/wp-content\/uploads\/2022\/11\/logo_quaduniverse-2.webp","contentUrl":"https:\/\/quaduniverse.com\/wp-content\/uploads\/2022\/11\/logo_quaduniverse-2.webp","width":450,"height":287,"caption":"Quad Universe"},"image":{"@id":"https:\/\/quaduniverse.com\/#\/schema\/logo\/image\/"},"sameAs":["https:\/\/facebook.com\/quaduniverse","https:\/\/instagram.com\/quadoropesa"]}]}},"tpgb_featured_images":null,"tpgb_post_meta_info":{"get_date":"02\/12\/2022","get_modified_date":"02\/12\/2022","author_name":"quaduniverse","author_url":"https:\/\/quaduniverse.com\/fr\/blog\/author\/quaduniverse\/","author_email":"quadoropesa@gmail.com","author_website":"http:\/\/quaduniverse.com","author_description":"","author_facebook":"","author_twitter":"","author_instagram":"","author_role":["administrator"],"author_firstname":"francois","author_lastname":"gonzalez","user_login":"quaduniverse","author_avatar":"<img alt='' src='https:\/\/quaduniverse.com\/wp-content\/litespeed\/avatar\/48ac2b4090c7c47f6ee8cfd3c8bf5c19.jpg?ver=1775928020' srcset='https:\/\/quaduniverse.com\/wp-content\/litespeed\/avatar\/4c7ca2782bf41b9f9fdf5624f0cc1390.jpg?ver=1775928020 2x' class='avatar avatar-200 photo' height='200' width='200' decoding='async'\/>","author_avatar_url":"https:\/\/quaduniverse.com\/wp-content\/litespeed\/avatar\/fa3031fa97329b58d6283e3ec4bf262b.jpg?ver=1775827407","comment_count":0,"post_likes":0,"post_views":0},"tpgb_post_category":[],"jetpack_sharing_enabled":true,"_links":{"self":[{"href":"https:\/\/quaduniverse.com\/fr\/wp-json\/wp\/v2\/pages\/2666","targetHints":{"allow":["GET"]}}],"collection":[{"href":"https:\/\/quaduniverse.com\/fr\/wp-json\/wp\/v2\/pages"}],"about":[{"href":"https:\/\/quaduniverse.com\/fr\/wp-json\/wp\/v2\/types\/page"}],"author":[{"embeddable":true,"href":"https:\/\/quaduniverse.com\/fr\/wp-json\/wp\/v2\/users\/1"}],"replies":[{"embeddable":true,"href":"https:\/\/quaduniverse.com\/fr\/wp-json\/wp\/v2\/comments?post=2666"}],"version-history":[{"count":0,"href":"https:\/\/quaduniverse.com\/fr\/wp-json\/wp\/v2\/pages\/2666\/revisions"}],"up":[{"embeddable":true,"href":"https:\/\/quaduniverse.com\/fr\/wp-json\/wp\/v2\/pages\/2665"}],"wp:attachment":[{"href":"https:\/\/quaduniverse.com\/fr\/wp-json\/wp\/v2\/media?parent=2666"}],"curies":[{"name":"wp","href":"https:\/\/api.w.org\/{rel}","templated":true}]}}