{"id":144,"date":"2018-08-07T10:50:47","date_gmt":"2018-08-07T10:50:47","guid":{"rendered":"http:\/\/demo.athemes.com\/atu-agency\/?page_id=144"},"modified":"2024-01-26T19:41:42","modified_gmt":"2024-01-26T18:41:42","slug":"contact","status":"publish","type":"page","link":"https:\/\/quaduniverse.com\/fr\/contacto\/","title":{"rendered":"Contact"},"content":{"rendered":"\t\t<div data-elementor-type=\"wp-post\" data-elementor-id=\"144\" class=\"elementor elementor-144\" data-elementor-post-type=\"page\">\n\t\t\t\t\t\t<section class=\"elementor-section elementor-top-section elementor-element elementor-element-628092d elementor-section-full_width contact-page-map elementor-section-stretched elementor-section-height-min-height elementor-section-height-default elementor-section-items-middle\" data-id=\"628092d\" data-element_type=\"section\" data-e-type=\"section\" data-settings=\"{&quot;stretch_section&quot;:&quot;section-stretched&quot;,&quot;background_background&quot;:&quot;classic&quot;}\">\n\t\t\t\t\t\t\t<div class=\"elementor-background-overlay\"><\/div>\n\t\t\t\t\t\t\t<div class=\"elementor-container elementor-column-gap-default\">\n\t\t\t\t\t<div class=\"elementor-column elementor-col-100 elementor-top-column elementor-element elementor-element-5c6a1d86\" data-id=\"5c6a1d86\" data-element_type=\"column\" data-e-type=\"column\">\n\t\t\t<div class=\"elementor-widget-wrap elementor-element-populated\">\n\t\t\t\t\t\t<div class=\"elementor-element elementor-element-aad1100 elementor-widget elementor-widget-heading\" data-id=\"aad1100\" data-element_type=\"widget\" data-e-type=\"widget\" data-widget_type=\"heading.default\">\n\t\t\t\t<div class=\"elementor-widget-container\">\n\t\t\t\t\t<h1 class=\"elementor-heading-title elementor-size-default\">CONTACTA CON NOSOTROS<\/h1>\t\t\t\t<\/div>\n\t\t\t\t<\/div>\n\t\t\t\t\t<\/div>\n\t\t<\/div>\n\t\t\t\t\t<\/div>\n\t\t<\/section>\n\t\t\t\t<section class=\"elementor-section elementor-top-section elementor-element elementor-element-6352347f elementor-section-stretched elementor-section-boxed elementor-section-height-default elementor-section-height-default\" data-id=\"6352347f\" data-element_type=\"section\" data-e-type=\"section\" data-settings=\"{&quot;stretch_section&quot;:&quot;section-stretched&quot;}\">\n\t\t\t\t\t\t<div class=\"elementor-container elementor-column-gap-no\">\n\t\t\t\t\t<div class=\"elementor-column elementor-col-50 elementor-top-column elementor-element elementor-element-e1d50ce\" data-id=\"e1d50ce\" data-element_type=\"column\" data-e-type=\"column\">\n\t\t\t<div class=\"elementor-widget-wrap elementor-element-populated\">\n\t\t\t\t\t\t<div class=\"elementor-element elementor-element-9094b49 elementor-widget elementor-widget-heading\" data-id=\"9094b49\" data-element_type=\"widget\" data-e-type=\"widget\" data-widget_type=\"heading.default\">\n\t\t\t\t<div class=\"elementor-widget-container\">\n\t\t\t\t\t<h2 class=\"elementor-heading-title elementor-size-default\">Contacta con nosotros<\/h2>\t\t\t\t<\/div>\n\t\t\t\t<\/div>\n\t\t\t\t<div class=\"elementor-element elementor-element-dab3803 elementor-button-align-stretch elementor-widget elementor-widget-form\" data-id=\"dab3803\" data-element_type=\"widget\" data-e-type=\"widget\" data-settings=\"{&quot;step_next_label&quot;:&quot;Next&quot;,&quot;step_previous_label&quot;:&quot;Previous&quot;,&quot;button_width&quot;:&quot;100&quot;,&quot;step_type&quot;:&quot;number_text&quot;,&quot;step_icon_shape&quot;:&quot;circle&quot;}\" data-widget_type=\"form.default\">\n\t\t\t\t<div class=\"elementor-widget-container\">\n\t\t\t\t\t\t\t<form class=\"elementor-form\" method=\"post\" name=\"New Form\" aria-label=\"New Form\">\n\t\t\t<input type=\"hidden\" name=\"post_id\" value=\"144\"\/>\n\t\t\t<input type=\"hidden\" name=\"form_id\" value=\"dab3803\"\/>\n\t\t\t<input type=\"hidden\" name=\"referer_title\" value=\"Contacto - Quad Universe\" \/>\n\n\t\t\t\t\t\t\t<input type=\"hidden\" name=\"queried_id\" value=\"144\"\/>\n\t\t\t\n\t\t\t<div class=\"elementor-form-fields-wrapper elementor-labels-above\">\n\t\t\t\t\t\t\t\t<div class=\"elementor-field-type-text elementor-field-group elementor-column elementor-field-group-name elementor-col-100 elementor-field-required elementor-mark-required\">\n\t\t\t\t\t\t\t\t\t\t\t\t<label for=\"form-field-name\" class=\"elementor-field-label\">\n\t\t\t\t\t\t\t\tNombre\t\t\t\t\t\t\t<\/label>\n\t\t\t\t\t\t\t\t\t\t\t\t\t\t<input size=\"1\" type=\"text\" name=\"form_fields[name]\" id=\"form-field-name\" class=\"elementor-field elementor-size-sm  elementor-field-textual\" placeholder=\"Name\" required=\"required\">\n\t\t\t\t\t\t\t\t\t\t\t<\/div>\n\t\t\t\t\t\t\t\t<div class=\"elementor-field-type-email elementor-field-group elementor-column elementor-field-group-email elementor-col-100 elementor-field-required elementor-mark-required\">\n\t\t\t\t\t\t\t\t\t\t\t\t<label for=\"form-field-email\" class=\"elementor-field-label\">\n\t\t\t\t\t\t\t\tEmail\t\t\t\t\t\t\t<\/label>\n\t\t\t\t\t\t\t\t\t\t\t\t\t\t<input size=\"1\" type=\"email\" name=\"form_fields[email]\" id=\"form-field-email\" class=\"elementor-field elementor-size-sm  elementor-field-textual\" placeholder=\"Email\" required=\"required\">\n\t\t\t\t\t\t\t\t\t\t\t<\/div>\n\t\t\t\t\t\t\t\t<div class=\"elementor-field-type-textarea elementor-field-group elementor-column elementor-field-group-message elementor-col-100 elementor-field-required elementor-mark-required\">\n\t\t\t\t\t\t\t\t\t\t\t\t<label for=\"form-field-message\" class=\"elementor-field-label\">\n\t\t\t\t\t\t\t\tMensaje\t\t\t\t\t\t\t<\/label>\n\t\t\t\t\t\t<textarea class=\"elementor-field-textual elementor-field  elementor-size-sm\" name=\"form_fields[message]\" id=\"form-field-message\" rows=\"4\" placeholder=\"Mensaje\" required=\"required\"><\/textarea>\t\t\t\t<\/div>\n\t\t\t\t\t\t\t\t<div class=\"elementor-field-type-recaptcha_v3 elementor-field-group elementor-column elementor-field-group-field_c387515 elementor-col-100 recaptcha_v3-bottomright\">\n\t\t\t\t\t<div class=\"elementor-field\" id=\"form-field-field_c387515\"><div class=\"elementor-g-recaptcha\" data-sitekey=\"6Lee1AgjAAAAAIWnQ4hKWQjYpNEaxaippqLq7eKJ\" data-type=\"v3\" data-action=\"Form\" data-badge=\"bottomright\" data-size=\"invisible\"><\/div><\/div>\t\t\t\t<\/div>\n\t\t\t\t\t\t\t\t<div class=\"elementor-field-group elementor-column elementor-field-type-submit elementor-col-100 e-form__buttons\">\n\t\t\t\t\t<button class=\"elementor-button elementor-size-sm\" type=\"submit\">\n\t\t\t\t\t\t<span class=\"elementor-button-content-wrapper\">\n\t\t\t\t\t\t\t\t\t\t\t\t\t\t\t<span class=\"elementor-button-icon\">\n\t\t\t\t\t\t\t\t\t<svg aria-hidden=\"true\" class=\"e-font-icon-svg e-far-envelope\" viewBox=\"0 0 512 512\" xmlns=\"http:\/\/www.w3.org\/2000\/svg\"><path d=\"M464 64H48C21.49 64 0 85.49 0 112v288c0 26.51 21.49 48 48 48h416c26.51 0 48-21.49 48-48V112c0-26.51-21.49-48-48-48zm0 48v40.805c-22.422 18.259-58.168 46.651-134.587 106.49-16.841 13.247-50.201 45.072-73.413 44.701-23.208.375-56.579-31.459-73.413-44.701C106.18 199.465 70.425 171.067 48 152.805V112h416zM48 400V214.398c22.914 18.251 55.409 43.862 104.938 82.646 21.857 17.205 60.134 55.186 103.062 54.955 42.717.231 80.509-37.199 103.053-54.947 49.528-38.783 82.032-64.401 104.947-82.653V400H48z\"><\/path><\/svg>\t\t\t\t\t\t\t\t\t\t\t\t\t\t\t\t\t<\/span>\n\t\t\t\t\t\t\t\t\t\t\t\t\t\t\t\t\t\t\t\t\t\t<span class=\"elementor-button-text\">Enviar<\/span>\n\t\t\t\t\t\t\t\t\t\t\t\t\t<\/span>\n\t\t\t\t\t<\/button>\n\t\t\t\t<\/div>\n\t\t\t<\/div>\n\t\t<\/form>\n\t\t\t\t\t\t<\/div>\n\t\t\t\t<\/div>\n\t\t\t\t\t<\/div>\n\t\t<\/div>\n\t\t\t\t<div class=\"elementor-column elementor-col-50 elementor-top-column elementor-element elementor-element-54047305\" data-id=\"54047305\" data-element_type=\"column\" data-e-type=\"column\" data-settings=\"{&quot;background_background&quot;:&quot;classic&quot;}\">\n\t\t\t<div class=\"elementor-widget-wrap elementor-element-populated\">\n\t\t\t\t\t\t<div class=\"elementor-element elementor-element-9710207 elementor-widget elementor-widget-image\" data-id=\"9710207\" data-element_type=\"widget\" data-e-type=\"widget\" data-widget_type=\"image.default\">\n\t\t\t\t<div class=\"elementor-widget-container\">\n\t\t\t\t\t\t\t\t\t\t\t\t\t\t\t<img fetchpriority=\"high\" decoding=\"async\" width=\"450\" height=\"287\" src=\"https:\/\/quaduniverse.com\/wp-content\/uploads\/2022\/11\/logo_quaduniverse-2.webp\" class=\"attachment-medium_large size-medium_large wp-image-259\" alt=\"\" srcset=\"https:\/\/quaduniverse.com\/wp-content\/uploads\/2022\/11\/logo_quaduniverse-2.webp 450w, https:\/\/quaduniverse.com\/wp-content\/uploads\/2022\/11\/logo_quaduniverse-2-300x191.webp 300w\" sizes=\"(max-width: 450px) 100vw, 450px\" \/>\t\t\t\t\t\t\t\t\t\t\t\t\t\t\t<\/div>\n\t\t\t\t<\/div>\n\t\t\t\t<div class=\"elementor-element elementor-element-193e2a1 elementor-widget elementor-widget-text-editor\" data-id=\"193e2a1\" data-element_type=\"widget\" data-e-type=\"widget\" data-widget_type=\"text-editor.default\">\n\t\t\t\t<div class=\"elementor-widget-container\">\n\t\t\t\t\t\t\t\t\t<div data-id=\"28bccdf0\" data-element_type=\"widget\" data-widget_type=\"text-editor.default\">\n<div>\n<p><b>Quad Universe, Rutas guiadas en Quad,<br>alquiler para profesionales<br>Oficinas Jaloque Sea Riders<\/b><\/p>\n<\/div>\n<\/div>\n<div data-id=\"6e38ba08\" data-element_type=\"widget\" data-widget_type=\"text-editor.default\">\n<div>\n<p><b>Passeig Mar\u00edtim del Mediterrani, 46, <br>12594 Orpesa, Castell\u00f3&nbsp;<br><\/b><b>Espa\u00f1a<\/b><b><\/b><\/p>\n<\/div>\n<\/div>\n<div data-id=\"734da088\" data-element_type=\"widget\" data-widget_type=\"text-editor.default\">\n<div>\n<p><strong>Email q<\/strong><b>uaduniverse.jaloque@gmail.com<\/b><br><strong>Whatsapp<\/strong>&nbsp;+34 625 54 05 05<\/p>\n<\/div>\n<p><b>Abierto todos los d\u00edas del a\u00f1o<\/b><\/p>\n<\/div>\t\t\t\t\t\t\t\t<\/div>\n\t\t\t\t<\/div>\n\t\t\t\t\t<\/div>\n\t\t<\/div>\n\t\t\t\t\t<\/div>\n\t\t<\/section>\n\t\t\t\t<section class=\"elementor-section elementor-top-section elementor-element elementor-element-bbac128 elementor-section-full_width elementor-section-stretched elementor-section-height-default elementor-section-height-default\" data-id=\"bbac128\" data-element_type=\"section\" data-e-type=\"section\" data-settings=\"{&quot;stretch_section&quot;:&quot;section-stretched&quot;}\">\n\t\t\t\t\t\t<div class=\"elementor-container elementor-column-gap-no\">\n\t\t\t\t\t<div class=\"elementor-column elementor-col-100 elementor-top-column elementor-element elementor-element-1597c4c\" data-id=\"1597c4c\" data-element_type=\"column\" data-e-type=\"column\">\n\t\t\t<div class=\"elementor-widget-wrap elementor-element-populated\">\n\t\t\t\t\t\t<div class=\"elementor-element elementor-element-03a8e2c elementor-widget elementor-widget-html\" data-id=\"03a8e2c\" data-element_type=\"widget\" data-e-type=\"widget\" data-widget_type=\"html.default\">\n\t\t\t\t<div class=\"elementor-widget-container\">\n\t\t\t\t\t<iframe src=\"https:\/\/www.google.com\/maps\/embed?pb=!1m14!1m8!1m3!1d6104.89992597133!2d0.1431798306884765!3d40.087679662975006!3m2!1i1024!2i768!4f13.1!3m3!1m2!1s0x0%3A0xd7a2cecd10fe53d9!2sQuad%20Universe!5e0!3m2!1sfr!2sus!4v1668116476488!5m2!1sfr!2sus\" width=\"600\" height=\"450\" style=\"border:0;\" allowfullscreen=\"\" loading=\"lazy\" referrerpolicy=\"no-referrer-when-downgrade\"><\/iframe>\t\t\t\t<\/div>\n\t\t\t\t<\/div>\n\t\t\t\t\t<\/div>\n\t\t<\/div>\n\t\t\t\t\t<\/div>\n\t\t<\/section>\n\t\t\t\t<\/div>\n\t\t","protected":false},"excerpt":{"rendered":"<p>CONTACTA CON NOSOTROS Contacta con nosotros Quad Universe, Rutas guiadas en Quad,alquiler para profesionalesOficinas Jaloque Sea Riders Passeig Mar\u00edtim del [&hellip;]<\/p>\n","protected":false},"author":1,"featured_media":0,"parent":0,"menu_order":0,"comment_status":"closed","ping_status":"closed","template":"page-templates\/template_fullwidth.php","meta":{"tpgb_global_settings":"","_joinchat":[],"footnotes":""},"class_list":["post-144","page","type-page","status-publish","hentry","col-lg-4 col-md-6"],"yoast_head":"<!-- This site is optimized with the Yoast SEO plugin v27.3 - https:\/\/yoast.com\/product\/yoast-seo-wordpress\/ -->\n<title>Contacto - Quad Universe<\/title>\n<meta name=\"description\" content=\"Especialistas en quad desde 2015. Estamos en Oropesa del Mar (Castell\u00f3n). Abrimos todo el a\u00f1o bajo reserva previa. \u00bfTe apuntas a una ruta?\" \/>\n<meta name=\"robots\" content=\"index, follow, max-snippet:-1, max-image-preview:large, max-video-preview:-1\" \/>\n<link rel=\"canonical\" href=\"https:\/\/quaduniverse.com\/fr\/contact\/\" \/>\n<meta property=\"og:locale\" content=\"fr_FR\" \/>\n<meta property=\"og:type\" content=\"article\" \/>\n<meta property=\"og:title\" content=\"Contacto - Quad Universe\" \/>\n<meta property=\"og:description\" content=\"Especialistas en quad desde 2015. Estamos en Oropesa del Mar (Castell\u00f3n). Abrimos todo el a\u00f1o bajo reserva previa. \u00bfTe apuntas a una ruta?\" \/>\n<meta property=\"og:url\" content=\"https:\/\/quaduniverse.com\/fr\/contact\/\" \/>\n<meta property=\"og:site_name\" content=\"Quad Universe\" \/>\n<meta property=\"article:publisher\" content=\"https:\/\/facebook.com\/quaduniverse\" \/>\n<meta property=\"article:modified_time\" content=\"2024-01-26T18:41:42+00:00\" \/>\n<meta property=\"og:image\" content=\"http:\/\/quaduniverse.com\/wp-content\/uploads\/2022\/11\/logo_quaduniverse-2.webp\" \/>\n<meta name=\"twitter:card\" content=\"summary_large_image\" \/>\n<meta name=\"twitter:label1\" content=\"Dur\u00e9e de lecture estim\u00e9e\" \/>\n\t<meta name=\"twitter:data1\" content=\"1 minute\" \/>\n<script type=\"application\/ld+json\" class=\"yoast-schema-graph\">{\"@context\":\"https:\\\/\\\/schema.org\",\"@graph\":[{\"@type\":\"WebPage\",\"@id\":\"https:\\\/\\\/quaduniverse.com\\\/contacto\\\/\",\"url\":\"https:\\\/\\\/quaduniverse.com\\\/contacto\\\/\",\"name\":\"Contacto - Quad Universe\",\"isPartOf\":{\"@id\":\"https:\\\/\\\/quaduniverse.com\\\/#website\"},\"primaryImageOfPage\":{\"@id\":\"https:\\\/\\\/quaduniverse.com\\\/contacto\\\/#primaryimage\"},\"image\":{\"@id\":\"https:\\\/\\\/quaduniverse.com\\\/contacto\\\/#primaryimage\"},\"thumbnailUrl\":\"http:\\\/\\\/quaduniverse.com\\\/wp-content\\\/uploads\\\/2022\\\/11\\\/logo_quaduniverse-2.webp\",\"datePublished\":\"2018-08-07T10:50:47+00:00\",\"dateModified\":\"2024-01-26T18:41:42+00:00\",\"description\":\"Especialistas en quad desde 2015. Estamos en Oropesa del Mar (Castell\u00f3n). Abrimos todo el a\u00f1o bajo reserva previa. \u00bfTe apuntas a una ruta?\",\"breadcrumb\":{\"@id\":\"https:\\\/\\\/quaduniverse.com\\\/contacto\\\/#breadcrumb\"},\"inLanguage\":\"fr-FR\",\"potentialAction\":[{\"@type\":\"ReadAction\",\"target\":[\"https:\\\/\\\/quaduniverse.com\\\/contacto\\\/\"]}]},{\"@type\":\"ImageObject\",\"inLanguage\":\"fr-FR\",\"@id\":\"https:\\\/\\\/quaduniverse.com\\\/contacto\\\/#primaryimage\",\"url\":\"http:\\\/\\\/quaduniverse.com\\\/wp-content\\\/uploads\\\/2022\\\/11\\\/logo_quaduniverse-2.webp\",\"contentUrl\":\"http:\\\/\\\/quaduniverse.com\\\/wp-content\\\/uploads\\\/2022\\\/11\\\/logo_quaduniverse-2.webp\"},{\"@type\":\"BreadcrumbList\",\"@id\":\"https:\\\/\\\/quaduniverse.com\\\/contacto\\\/#breadcrumb\",\"itemListElement\":[{\"@type\":\"ListItem\",\"position\":1,\"name\":\"Portada\",\"item\":\"https:\\\/\\\/quaduniverse.com\\\/\"},{\"@type\":\"ListItem\",\"position\":2,\"name\":\"Contacto\"}]},{\"@type\":\"WebSite\",\"@id\":\"https:\\\/\\\/quaduniverse.com\\\/#website\",\"url\":\"https:\\\/\\\/quaduniverse.com\\\/\",\"name\":\"Quad Universe\",\"description\":\"Rutas guiadas en quad, Oropesa del Mar (Castell\u00f3n)\",\"publisher\":{\"@id\":\"https:\\\/\\\/quaduniverse.com\\\/#organization\"},\"alternateName\":\"Rutas guiadas en quad\",\"potentialAction\":[{\"@type\":\"SearchAction\",\"target\":{\"@type\":\"EntryPoint\",\"urlTemplate\":\"https:\\\/\\\/quaduniverse.com\\\/?s={search_term_string}\"},\"query-input\":{\"@type\":\"PropertyValueSpecification\",\"valueRequired\":true,\"valueName\":\"search_term_string\"}}],\"inLanguage\":\"fr-FR\"},{\"@type\":\"Organization\",\"@id\":\"https:\\\/\\\/quaduniverse.com\\\/#organization\",\"name\":\"Quad Universe\",\"url\":\"https:\\\/\\\/quaduniverse.com\\\/\",\"logo\":{\"@type\":\"ImageObject\",\"inLanguage\":\"fr-FR\",\"@id\":\"https:\\\/\\\/quaduniverse.com\\\/#\\\/schema\\\/logo\\\/image\\\/\",\"url\":\"https:\\\/\\\/quaduniverse.com\\\/wp-content\\\/uploads\\\/2022\\\/11\\\/logo_quaduniverse-2.webp\",\"contentUrl\":\"https:\\\/\\\/quaduniverse.com\\\/wp-content\\\/uploads\\\/2022\\\/11\\\/logo_quaduniverse-2.webp\",\"width\":450,\"height\":287,\"caption\":\"Quad Universe\"},\"image\":{\"@id\":\"https:\\\/\\\/quaduniverse.com\\\/#\\\/schema\\\/logo\\\/image\\\/\"},\"sameAs\":[\"https:\\\/\\\/facebook.com\\\/quaduniverse\",\"https:\\\/\\\/instagram.com\\\/quadoropesa\"]}]}<\/script>\n<!-- \/ Yoast SEO plugin. -->","yoast_head_json":{"title":"Contact - Quad Universe","description":"Sp\u00e9cialistes du quad depuis 2015. Nous nous trouvons \u00e0 Oropesa del Mar (Castell\u00f3n). Nous sommes ouverts toute l'ann\u00e9e sur r\u00e9servation. Envie d'aventure ?","robots":{"index":"index","follow":"follow","max-snippet":"max-snippet:-1","max-image-preview":"max-image-preview:large","max-video-preview":"max-video-preview:-1"},"canonical":"https:\/\/quaduniverse.com\/fr\/contact\/","og_locale":"fr_FR","og_type":"article","og_title":"Contacto - Quad Universe","og_description":"Especialistas en quad desde 2015. Estamos en Oropesa del Mar (Castell\u00f3n). Abrimos todo el a\u00f1o bajo reserva previa. \u00bfTe apuntas a una ruta?","og_url":"https:\/\/quaduniverse.com\/fr\/contact\/","og_site_name":"Quad Universe","article_publisher":"https:\/\/facebook.com\/quaduniverse","article_modified_time":"2024-01-26T18:41:42+00:00","og_image":[{"url":"http:\/\/quaduniverse.com\/wp-content\/uploads\/2022\/11\/logo_quaduniverse-2.webp","type":"","width":"","height":""}],"twitter_card":"summary_large_image","twitter_misc":{"Dur\u00e9e de lecture estim\u00e9e":"1 minute"},"schema":{"@context":"https:\/\/schema.org","@graph":[{"@type":"WebPage","@id":"https:\/\/quaduniverse.com\/contacto\/","url":"https:\/\/quaduniverse.com\/contacto\/","name":"Contact - Quad Universe","isPartOf":{"@id":"https:\/\/quaduniverse.com\/#website"},"primaryImageOfPage":{"@id":"https:\/\/quaduniverse.com\/contacto\/#primaryimage"},"image":{"@id":"https:\/\/quaduniverse.com\/contacto\/#primaryimage"},"thumbnailUrl":"http:\/\/quaduniverse.com\/wp-content\/uploads\/2022\/11\/logo_quaduniverse-2.webp","datePublished":"2018-08-07T10:50:47+00:00","dateModified":"2024-01-26T18:41:42+00:00","description":"Sp\u00e9cialistes du quad depuis 2015. Nous nous trouvons \u00e0 Oropesa del Mar (Castell\u00f3n). Nous sommes ouverts toute l'ann\u00e9e sur r\u00e9servation. Envie d'aventure ?","breadcrumb":{"@id":"https:\/\/quaduniverse.com\/contacto\/#breadcrumb"},"inLanguage":"fr-FR","potentialAction":[{"@type":"ReadAction","target":["https:\/\/quaduniverse.com\/contacto\/"]}]},{"@type":"ImageObject","inLanguage":"fr-FR","@id":"https:\/\/quaduniverse.com\/contacto\/#primaryimage","url":"http:\/\/quaduniverse.com\/wp-content\/uploads\/2022\/11\/logo_quaduniverse-2.webp","contentUrl":"http:\/\/quaduniverse.com\/wp-content\/uploads\/2022\/11\/logo_quaduniverse-2.webp"},{"@type":"BreadcrumbList","@id":"https:\/\/quaduniverse.com\/contacto\/#breadcrumb","itemListElement":[{"@type":"ListItem","position":1,"name":"Portada","item":"https:\/\/quaduniverse.com\/"},{"@type":"ListItem","position":2,"name":"Contacto"}]},{"@type":"WebSite","@id":"https:\/\/quaduniverse.com\/#website","url":"https:\/\/quaduniverse.com\/","name":"Quad Universe - Randonn\u00e9es guid\u00e9es en quad, Oropesa del Mar, Castell\u00f3n","description":"Rutas guiadas en quad, Oropesa del Mar (Castell\u00f3n)","publisher":{"@id":"https:\/\/quaduniverse.com\/#organization"},"alternateName":"Rutas guiadas en quad","potentialAction":[{"@type":"SearchAction","target":{"@type":"EntryPoint","urlTemplate":"https:\/\/quaduniverse.com\/?s={search_term_string}"},"query-input":{"@type":"PropertyValueSpecification","valueRequired":true,"valueName":"search_term_string"}}],"inLanguage":"fr-FR"},{"@type":"Organization","@id":"https:\/\/quaduniverse.com\/#organization","name":"Quad Universe - Randonn\u00e9es guid\u00e9es en quad, Oropesa del Mar, Castell\u00f3n","url":"https:\/\/quaduniverse.com\/","logo":{"@type":"ImageObject","inLanguage":"fr-FR","@id":"https:\/\/quaduniverse.com\/#\/schema\/logo\/image\/","url":"https:\/\/quaduniverse.com\/wp-content\/uploads\/2022\/11\/logo_quaduniverse-2.webp","contentUrl":"https:\/\/quaduniverse.com\/wp-content\/uploads\/2022\/11\/logo_quaduniverse-2.webp","width":450,"height":287,"caption":"Quad Universe"},"image":{"@id":"https:\/\/quaduniverse.com\/#\/schema\/logo\/image\/"},"sameAs":["https:\/\/facebook.com\/quaduniverse","https:\/\/instagram.com\/quadoropesa"]}]}},"tpgb_featured_images":null,"tpgb_post_meta_info":{"get_date":"07\/08\/2018","get_modified_date":"26\/01\/2024","author_name":"quaduniverse","author_url":"https:\/\/quaduniverse.com\/fr\/blog\/author\/quaduniverse\/","author_email":"quadoropesa@gmail.com","author_website":"http:\/\/quaduniverse.com","author_description":"","author_facebook":"","author_twitter":"","author_instagram":"","author_role":["administrator"],"author_firstname":"francois","author_lastname":"gonzalez","user_login":"quaduniverse","author_avatar":"<img alt='' src='https:\/\/quaduniverse.com\/wp-content\/litespeed\/avatar\/48ac2b4090c7c47f6ee8cfd3c8bf5c19.jpg?ver=1775322506' srcset='https:\/\/quaduniverse.com\/wp-content\/litespeed\/avatar\/4c7ca2782bf41b9f9fdf5624f0cc1390.jpg?ver=1775322506 2x' class='avatar avatar-200 photo' height='200' width='200' decoding='async'\/>","author_avatar_url":"https:\/\/quaduniverse.com\/wp-content\/litespeed\/avatar\/fa3031fa97329b58d6283e3ec4bf262b.jpg?ver=1775222464","comment_count":0,"post_likes":0,"post_views":0},"tpgb_post_category":[],"jetpack_sharing_enabled":true,"_links":{"self":[{"href":"https:\/\/quaduniverse.com\/fr\/wp-json\/wp\/v2\/pages\/144","targetHints":{"allow":["GET"]}}],"collection":[{"href":"https:\/\/quaduniverse.com\/fr\/wp-json\/wp\/v2\/pages"}],"about":[{"href":"https:\/\/quaduniverse.com\/fr\/wp-json\/wp\/v2\/types\/page"}],"author":[{"embeddable":true,"href":"https:\/\/quaduniverse.com\/fr\/wp-json\/wp\/v2\/users\/1"}],"replies":[{"embeddable":true,"href":"https:\/\/quaduniverse.com\/fr\/wp-json\/wp\/v2\/comments?post=144"}],"version-history":[{"count":21,"href":"https:\/\/quaduniverse.com\/fr\/wp-json\/wp\/v2\/pages\/144\/revisions"}],"predecessor-version":[{"id":4512,"href":"https:\/\/quaduniverse.com\/fr\/wp-json\/wp\/v2\/pages\/144\/revisions\/4512"}],"wp:attachment":[{"href":"https:\/\/quaduniverse.com\/fr\/wp-json\/wp\/v2\/media?parent=144"}],"curies":[{"name":"wp","href":"https:\/\/api.w.org\/{rel}","templated":true}]}}