{"id":1399,"date":"2022-11-11T19:01:01","date_gmt":"2022-11-11T19:01:01","guid":{"rendered":"http:\/\/s374748408.mialojamiento.es\/condiciones-de-alquiler-quads\/"},"modified":"2022-11-22T10:05:44","modified_gmt":"2022-11-22T10:05:44","slug":"conditions-de-location","status":"publish","type":"page","link":"https:\/\/quaduniverse.com\/fr\/condiciones-de-alquiler-quads\/","title":{"rendered":"Conditions de location et participation"},"content":{"rendered":"<div data-elementor-type=\"wp-post\" data-elementor-id=\"1399\" class=\"elementor elementor-1399\" data-elementor-post-type=\"page\">\n\t\t\t\t\t\t<section class=\"elementor-section elementor-top-section elementor-element elementor-element-5cb8b6d elementor-section-height-min-height elementor-section-boxed elementor-section-height-default elementor-section-items-middle\" data-id=\"5cb8b6d\" data-element_type=\"section\" data-e-type=\"section\" data-settings=\"{&quot;background_background&quot;:&quot;classic&quot;}\">\n\t\t\t\t\t\t\t<div class=\"elementor-background-overlay\"><\/div>\n\t\t\t\t\t\t\t<div class=\"elementor-container elementor-column-gap-default\">\n\t\t\t\t\t<div class=\"elementor-column elementor-col-100 elementor-top-column elementor-element elementor-element-b907772\" data-id=\"b907772\" data-element_type=\"column\" data-e-type=\"column\">\n\t\t\t<div class=\"elementor-widget-wrap elementor-element-populated\">\n\t\t\t\t\t\t<div class=\"elementor-element elementor-element-6f6e030 elementor-widget elementor-widget-heading\" data-id=\"6f6e030\" data-element_type=\"widget\" data-e-type=\"widget\" data-widget_type=\"heading.default\">\n\t\t\t\t<div class=\"elementor-widget-container\">\n\t\t\t\t\t<h1 class=\"elementor-heading-title elementor-size-default\">Conditions de location et participation<\/h1>\t\t\t\t<\/div>\n\t\t\t\t<\/div>\n\t\t\t\t\t<\/div>\n\t\t<\/div>\n\t\t\t\t\t<\/div>\n\t\t<\/section>\n\t\t\t\t<section class=\"elementor-section elementor-top-section elementor-element elementor-element-b9deda3 elementor-section-boxed elementor-section-height-default elementor-section-height-default\" data-id=\"b9deda3\" data-element_type=\"section\" data-e-type=\"section\" data-settings=\"{&quot;background_background&quot;:&quot;classic&quot;}\">\n\t\t\t\t\t\t<div class=\"elementor-container elementor-column-gap-wide\">\n\t\t\t\t\t<div class=\"elementor-column elementor-col-100 elementor-top-column elementor-element elementor-element-c5f912e\" data-id=\"c5f912e\" data-element_type=\"column\" data-e-type=\"column\">\n\t\t\t<div class=\"elementor-widget-wrap elementor-element-populated\">\n\t\t\t\t\t\t<div class=\"elementor-element elementor-element-54efc84 elementor-widget elementor-widget-text-editor\" data-id=\"54efc84\" data-element_type=\"widget\" data-e-type=\"widget\" data-widget_type=\"text-editor.default\">\n\t\t\t\t<div class=\"elementor-widget-container\">\n\t\t\t\t\t\t\t\t\t<ol>\n<li>La premi\u00e8re chose que le participant doit savoir est que les organisateurs ne seront pas responsable en cas d\u2019accident provoqu\u00e9 par une transgression des r\u00e8gles et instructions ci-dessous.  Le conducteur sera tenu responsable des d\u00e9g\u00e2ts que le participant peut avoir caus\u00e9 \u00e0 la fois \u00e0 la propri\u00e9t\u00e9 priv\u00e9e, et des tiers ou lui-m\u00eame.<\/li>\n<li>La soci\u00e9t\u00e9 se r\u00e9serve le droit de r\u00e9clamer une indemnisation au  participant pour une mauvaise utilisation provoquant des dommages aux v\u00e9hicules. Le conducteur est responsable \u00e0 tout moment de son v\u00e9hicule et accessoires et assumera le cout des r\u00e9parations en cas de casse.<\/li>\n<li>Le client participe \u00e0 cette activit\u00e9 par la libre volont\u00e9 et de choix.<\/li>\n<li>L\u2019organisateur poss\u00e8de le n\u00e9cessaire pour r\u00e9aliser cette activit\u00e9. Assurance responsabilit\u00e9 civile, assurance circulation, etc. Ces assurances ne r\u00e9pondent que lorsque les instructions dans ce manuel sont respect\u00e9es.<\/li>\n<li>Les participant s\u2019engagent \u00e0 suivi \u00e0 la lettre, les instructions du guide \u00e0 tout moment.<\/li>\n<li>Le non respect des r\u00e8gles peut entra\u00eener l\u2019arr\u00eat imm\u00e9diat de l\u2019activit\u00e9, sans remboursement de cette derni\u00e8re.<\/li>\n<li>Avant de commencer la balade, le guide effectuera une explication approfondie de l\u2019utilisation d\u2019un Quad  La balade ne d\u00e9marra pas jusqu\u2019\u00e0 ce que tous les participants aient assimil\u00e9 le fonctionnement des quads.<\/li>\n<li>Pour mener \u00e0 bien cette activit\u00e9, vous devez avoir un grand respect pour l\u2019environnement et circuler avec prudence. Cela signifie que vous passerez par la voie indiqu\u00e9e, sans la border ou de causer des dommages inutiles. Nous trouvons \u00e9galement des routes de gravier, o\u00f9 la conduite est plus compliqu\u00e9e, le guide indiquera donc de ralentir pour circuler en toute s\u00e9curit\u00e9.<\/li>\n<li>Il est n\u00e9cessaire que les participants aient conscience de ne pas prendre part \u00e0 une comp\u00e9tition. Nous effectuons des balades dans un cadre de tourisme. Cela signifie que nous allons commencer la balade avec un niveau facile qui permettra aux utilisateurs d\u2019apprendre et de s\u2019adapter \u00e0 la conduite d\u2019un quad . Selon l\u2019\u00e9volution des participants , le guide m\u00e8nera une randonn\u00e9e de la fa\u00e7on la plus appropri\u00e9e \u00e0 leur niveau et effectuera \u00e9galement quelques arr\u00eats pour profiter du paysage et \/ ou se reposer.<\/li>\n<li>Tout d\u00e9chet qui pourrait \u00eatre g\u00e9n\u00e9r\u00e9 pendant la balade: papiers, bouteilles d\u2019eau, m\u00e9gots fumeurs, ne peut rester sur place. Respectons la nature, ramenons les pour les jeter \u00e0 la poubelle.<\/li>\n<li>Pour participer \u00e0 la balade, les participants devront payer celle-ci d\u2019avance. Sans cela il ne sera pas possible d\u2019effectuer la sortie<\/li>\n<li>Le participant doit prendre soins du mat\u00e9riel fourni pour la balade. Si une volont\u00e9 de d\u00e9gradation est observ\u00e9e par les organisateur, le participant devra payer le mat\u00e9riel endommag\u00e9.<\/li>\n<li>Le moniteur \u00e9tablira un ordre de circulation. Ceci permettra de fluidifier la conduite du groupe. Il n\u2019est pas permis de changer cet ordre ou de doubler un participant car cela pourrait mettre en danger le reste du groupe. Toute pratique de la conduite imprudente est strictement interdite et conduira \u00e0 un arr\u00eat de l\u2019activit\u00e9 sans remboursement.<\/li>\n<li>Il est tout aussi important de maintenir une distance de s\u00e9curit\u00e9 suffisante dict\u00e9e par le guide afin d\u2019\u00e9viter accidents et \/ ou de collisions inutiles.<\/li>\n<li>Cette activit\u00e9 est consid\u00e9r\u00e9e comme un \u00ab activit\u00e9 en plein air d\u2019aventure \u00bb et en tant que telle, ceci implique toujours un risque minimal, \u00e9tant donn\u00e9 que chaque participant conduit seul  son v\u00e9hicule et sa maitrise ne d\u00e9pend que de lui-m\u00eame. Nous vous demandons donc de conduire avec la plus grande prudence.<\/li>\n<li>Il est strictement interdit de conduire nos quads sous l\u2019influence de l\u2019alcool et \/ ou de tout type de substance narcotiques ou psychotropes. Les personnes trait\u00e9es avec des m\u00e9dicaments qui peuvent affecter la capacit\u00e9 de conduite, doivent avertir les moniteurs en charge de l\u2019organisation avant le d\u00e9part.<\/li>\n<li>Sont strictement interdit: les d\u00e9passements, la circulation c\u00f4te \u00e0 c\u00f4te, le fait de laisser une distance excessive intentionnellement afin d\u2019acc\u00e9l\u00e9rer fortement, ne pas respecter les distances de s\u00e9curit\u00e9, faire des d\u00e9rapages, et tout comportement qui peut impliquer une conduite imprudente. Les chemins de terre sont \u00e9galement les routes publiques. Les conducteurs doivent garder les mains sur le guidon et les deux pieds sur les repose-pieds en tout temps. Observez les paysage avec prudence. Vous \u00eates sur un v\u00e9hicule motoris\u00e9 et pouvez provoquer de grave dommages. La soci\u00e9t\u00e9 se r\u00e9serve le droit de suspendre la route en cas de non-respect des r\u00e8gles.<\/li>\n<\/ol>\t\t\t\t\t\t\t\t<\/div>\n\t\t\t\t<\/div>\n\t\t\t\t\t<\/div>\n\t\t<\/div>\n\t\t\t\t\t<\/div>\n\t\t<\/section>\n\t\t\t\t<section class=\"elementor-section elementor-top-section elementor-element elementor-element-a22c65c elementor-section-boxed elementor-section-height-default elementor-section-height-default\" data-id=\"a22c65c\" data-element_type=\"section\" data-e-type=\"section\" data-settings=\"{&quot;background_background&quot;:&quot;classic&quot;}\">\n\t\t\t\t\t\t\t<div class=\"elementor-background-overlay\"><\/div>\n\t\t\t\t\t\t\t<div class=\"elementor-container elementor-column-gap-default\">\n\t\t\t\t\t<div class=\"elementor-column elementor-col-50 elementor-top-column elementor-element elementor-element-4f80c92\" data-id=\"4f80c92\" data-element_type=\"column\" data-e-type=\"column\">\n\t\t\t<div class=\"elementor-widget-wrap elementor-element-populated\">\n\t\t\t\t\t\t<div class=\"elementor-element elementor-element-8acbcbe elementor-widget elementor-widget-heading\" data-id=\"8acbcbe\" data-element_type=\"widget\" data-e-type=\"widget\" data-widget_type=\"heading.default\">\n\t\t\t\t<div class=\"elementor-widget-container\">\n\t\t\t\t\t<h2 class=\"elementor-heading-title elementor-size-default\">NOUS SOMMES <br>DIFF\u00c9RENTS PAR <br>NATURE<\/h2>\t\t\t\t<\/div>\n\t\t\t\t<\/div>\n\t\t\t\t<div class=\"elementor-element elementor-element-27b00d9 elementor-widget elementor-widget-image\" data-id=\"27b00d9\" data-element_type=\"widget\" data-e-type=\"widget\" data-widget_type=\"image.default\">\n\t\t\t\t<div class=\"elementor-widget-container\">\n\t\t\t\t\t\t\t\t\t\t\t\t\t\t\t<img fetchpriority=\"high\" decoding=\"async\" width=\"450\" height=\"287\" src=\"https:\/\/quaduniverse.com\/wp-content\/uploads\/2022\/11\/logo_quaduniverse-2.webp\" class=\"attachment-large size-large wp-image-1241\" alt=\"\" srcset=\"https:\/\/quaduniverse.com\/wp-content\/uploads\/2022\/11\/logo_quaduniverse-2.webp 450w, https:\/\/quaduniverse.com\/wp-content\/uploads\/2022\/11\/logo_quaduniverse-2-300x191.webp 300w\" sizes=\"(max-width: 450px) 100vw, 450px\" \/>\t\t\t\t\t\t\t\t\t\t\t\t\t\t\t<\/div>\n\t\t\t\t<\/div>\n\t\t\t\t\t<\/div>\n\t\t<\/div>\n\t\t\t\t<div class=\"elementor-column elementor-col-50 elementor-top-column elementor-element elementor-element-a80ebe7\" data-id=\"a80ebe7\" data-element_type=\"column\" data-e-type=\"column\" data-settings=\"{&quot;background_background&quot;:&quot;classic&quot;}\">\n\t\t\t<div class=\"elementor-widget-wrap elementor-element-populated\">\n\t\t\t\t\t\t<div class=\"elementor-element elementor-element-523d13c elementor-widget elementor-widget-text-editor\" data-id=\"523d13c\" data-element_type=\"widget\" data-e-type=\"widget\" data-widget_type=\"text-editor.default\">\n\t\t\t\t<div class=\"elementor-widget-container\">\n\t\t\t\t\t\t\t\t\t<div data-id=\"6a8397a\" data-element_type=\"widget\" data-widget_type=\"text-editor.default\">\n<div>\n<p>Depuis 2015, nous vous proposons une activit\u00e9 diff\u00e9rente et de qualit\u00e9. Nous avons s\u00e9lectionn\u00e9 les meilleurs circuits et quads pour que vous passiez un moment inoubliable en toute s\u00e9curit\u00e9, et ce que vous soyez d\u00e9butants et habitu\u00e9s.<\/p>\n<\/div>\n<\/div>\n<div data-id=\"46e651b\" data-element_type=\"widget\" data-widget_type=\"icon-list.default\">\n<div>\n<ul style=\"list-style: none;\">\n<li><i class=\"fa fa-check\"><\/i>&nbsp; 100% experts en quads<\/li>\n<li><i class=\"fa fa-check\"><\/i>&nbsp; Parcours pour tous niveaux, d\u00e9butants et familles<\/li>\n<li><i class=\"fa fa-check\"><\/i>&nbsp; Quads de 400cc neufs, de derni\u00e8re g\u00e9n\u00e9ration<\/li>\n<li><i class=\"fa fa-check\"><\/i>&nbsp; Tous nos quads sont pour 2 personnes<\/li>\n<li><i class=\"fa fa-check\"><\/i>&nbsp; Sorties en petit groupe de jusqu'\u00e0 5 quads<\/li>\n<li><i class=\"fa fa-check\"><\/i>&nbsp; Circuits de 1h et de 3h<\/li>\n<li><i class=\"fa fa-check\"><\/i>&nbsp; Nous compensons nos \u00e9missions de CO2<\/li>\n<\/ul>\n<\/div>\n<\/div>\t\t\t\t\t\t\t\t<\/div>\n\t\t\t\t<\/div>\n\t\t\t\t\t<\/div>\n\t\t<\/div>\n\t\t\t\t\t<\/div>\n\t\t<\/section>\n\t\t\t\t<\/div>","protected":false},"excerpt":{"rendered":"<p>Condiciones del alquiler Lo primero que el participante debe tener claro es, que en caso de producirse un accidente y [&hellip;]<\/p>\n","protected":false},"author":1,"featured_media":0,"parent":0,"menu_order":0,"comment_status":"closed","ping_status":"closed","template":"page-templates\/template_page-builder.php","meta":{"tpgb_global_settings":"","_joinchat":[],"footnotes":""},"class_list":["post-1399","page","type-page","status-publish","hentry","col-lg-4 col-md-6"],"yoast_head":"<!-- This site is optimized with the Yoast SEO plugin v27.3 - https:\/\/yoast.com\/product\/yoast-seo-wordpress\/ -->\n<title>Condiciones de alquiler - Quad Universe<\/title>\n<meta name=\"robots\" content=\"noindex, nofollow\" \/>\n<meta property=\"og:locale\" content=\"fr_FR\" \/>\n<meta property=\"og:type\" content=\"article\" \/>\n<meta property=\"og:title\" content=\"Condiciones de alquiler - Quad Universe\" \/>\n<meta property=\"og:description\" content=\"Condiciones del alquiler Lo primero que el participante debe tener claro es, que en caso de producirse un accidente y [&hellip;]\" \/>\n<meta property=\"og:url\" content=\"https:\/\/quaduniverse.com\/fr\/conditions-de-location\/\" \/>\n<meta property=\"og:site_name\" content=\"Quad Universe\" \/>\n<meta property=\"article:publisher\" content=\"https:\/\/facebook.com\/quaduniverse\" \/>\n<meta property=\"article:modified_time\" content=\"2022-11-22T10:05:44+00:00\" \/>\n<meta property=\"og:image\" content=\"http:\/\/quaduniverse.com\/wp-content\/uploads\/2022\/11\/logo_quaduniverse-2.webp\" \/>\n<meta name=\"twitter:card\" content=\"summary_large_image\" \/>\n<meta name=\"twitter:label1\" content=\"Dur\u00e9e de lecture estim\u00e9e\" \/>\n\t<meta name=\"twitter:data1\" content=\"5 minutes\" \/>\n<script type=\"application\/ld+json\" class=\"yoast-schema-graph\">{\"@context\":\"https:\\\/\\\/schema.org\",\"@graph\":[{\"@type\":\"WebPage\",\"@id\":\"https:\\\/\\\/quaduniverse.com\\\/en\\\/terms-and-rental-conditions\\\/\",\"url\":\"https:\\\/\\\/quaduniverse.com\\\/en\\\/terms-and-rental-conditions\\\/\",\"name\":\"Condiciones de alquiler - Quad Universe\",\"isPartOf\":{\"@id\":\"https:\\\/\\\/quaduniverse.com\\\/#website\"},\"primaryImageOfPage\":{\"@id\":\"https:\\\/\\\/quaduniverse.com\\\/en\\\/terms-and-rental-conditions\\\/#primaryimage\"},\"image\":{\"@id\":\"https:\\\/\\\/quaduniverse.com\\\/en\\\/terms-and-rental-conditions\\\/#primaryimage\"},\"thumbnailUrl\":\"http:\\\/\\\/quaduniverse.com\\\/wp-content\\\/uploads\\\/2022\\\/11\\\/logo_quaduniverse-2.webp\",\"datePublished\":\"2022-11-11T19:01:01+00:00\",\"dateModified\":\"2022-11-22T10:05:44+00:00\",\"breadcrumb\":{\"@id\":\"https:\\\/\\\/quaduniverse.com\\\/en\\\/terms-and-rental-conditions\\\/#breadcrumb\"},\"inLanguage\":\"fr-FR\",\"potentialAction\":[{\"@type\":\"ReadAction\",\"target\":[\"https:\\\/\\\/quaduniverse.com\\\/en\\\/terms-and-rental-conditions\\\/\"]}]},{\"@type\":\"ImageObject\",\"inLanguage\":\"fr-FR\",\"@id\":\"https:\\\/\\\/quaduniverse.com\\\/en\\\/terms-and-rental-conditions\\\/#primaryimage\",\"url\":\"http:\\\/\\\/quaduniverse.com\\\/wp-content\\\/uploads\\\/2022\\\/11\\\/logo_quaduniverse-2.webp\",\"contentUrl\":\"http:\\\/\\\/quaduniverse.com\\\/wp-content\\\/uploads\\\/2022\\\/11\\\/logo_quaduniverse-2.webp\"},{\"@type\":\"BreadcrumbList\",\"@id\":\"https:\\\/\\\/quaduniverse.com\\\/en\\\/terms-and-rental-conditions\\\/#breadcrumb\",\"itemListElement\":[{\"@type\":\"ListItem\",\"position\":1,\"name\":\"Portada\",\"item\":\"https:\\\/\\\/quaduniverse.com\\\/\"},{\"@type\":\"ListItem\",\"position\":2,\"name\":\"Condiciones de alquiler\"}]},{\"@type\":\"WebSite\",\"@id\":\"https:\\\/\\\/quaduniverse.com\\\/#website\",\"url\":\"https:\\\/\\\/quaduniverse.com\\\/\",\"name\":\"Quad Universe\",\"description\":\"Rutas guiadas en quad, Oropesa del Mar (Castell\u00f3n)\",\"publisher\":{\"@id\":\"https:\\\/\\\/quaduniverse.com\\\/#organization\"},\"alternateName\":\"Rutas guiadas en quad\",\"potentialAction\":[{\"@type\":\"SearchAction\",\"target\":{\"@type\":\"EntryPoint\",\"urlTemplate\":\"https:\\\/\\\/quaduniverse.com\\\/?s={search_term_string}\"},\"query-input\":{\"@type\":\"PropertyValueSpecification\",\"valueRequired\":true,\"valueName\":\"search_term_string\"}}],\"inLanguage\":\"fr-FR\"},{\"@type\":\"Organization\",\"@id\":\"https:\\\/\\\/quaduniverse.com\\\/#organization\",\"name\":\"Quad Universe\",\"url\":\"https:\\\/\\\/quaduniverse.com\\\/\",\"logo\":{\"@type\":\"ImageObject\",\"inLanguage\":\"fr-FR\",\"@id\":\"https:\\\/\\\/quaduniverse.com\\\/#\\\/schema\\\/logo\\\/image\\\/\",\"url\":\"https:\\\/\\\/quaduniverse.com\\\/wp-content\\\/uploads\\\/2022\\\/11\\\/logo_quaduniverse-2.webp\",\"contentUrl\":\"https:\\\/\\\/quaduniverse.com\\\/wp-content\\\/uploads\\\/2022\\\/11\\\/logo_quaduniverse-2.webp\",\"width\":450,\"height\":287,\"caption\":\"Quad Universe\"},\"image\":{\"@id\":\"https:\\\/\\\/quaduniverse.com\\\/#\\\/schema\\\/logo\\\/image\\\/\"},\"sameAs\":[\"https:\\\/\\\/facebook.com\\\/quaduniverse\",\"https:\\\/\\\/instagram.com\\\/quadoropesa\"]}]}<\/script>\n<!-- \/ Yoast SEO plugin. -->","yoast_head_json":{"title":"Condiciones de alquiler - Quad Universe","robots":{"index":"noindex","follow":"nofollow"},"og_locale":"fr_FR","og_type":"article","og_title":"Condiciones de alquiler - Quad Universe","og_description":"Condiciones del alquiler Lo primero que el participante debe tener claro es, que en caso de producirse un accidente y [&hellip;]","og_url":"https:\/\/quaduniverse.com\/fr\/conditions-de-location\/","og_site_name":"Quad Universe","article_publisher":"https:\/\/facebook.com\/quaduniverse","article_modified_time":"2022-11-22T10:05:44+00:00","og_image":[{"url":"http:\/\/quaduniverse.com\/wp-content\/uploads\/2022\/11\/logo_quaduniverse-2.webp","type":"","width":"","height":""}],"twitter_card":"summary_large_image","twitter_misc":{"Dur\u00e9e de lecture estim\u00e9e":"5 minutes"},"schema":{"@context":"https:\/\/schema.org","@graph":[{"@type":"WebPage","@id":"https:\/\/quaduniverse.com\/en\/terms-and-rental-conditions\/","url":"https:\/\/quaduniverse.com\/en\/terms-and-rental-conditions\/","name":"Condiciones de alquiler - Quad Universe","isPartOf":{"@id":"https:\/\/quaduniverse.com\/#website"},"primaryImageOfPage":{"@id":"https:\/\/quaduniverse.com\/en\/terms-and-rental-conditions\/#primaryimage"},"image":{"@id":"https:\/\/quaduniverse.com\/en\/terms-and-rental-conditions\/#primaryimage"},"thumbnailUrl":"http:\/\/quaduniverse.com\/wp-content\/uploads\/2022\/11\/logo_quaduniverse-2.webp","datePublished":"2022-11-11T19:01:01+00:00","dateModified":"2022-11-22T10:05:44+00:00","breadcrumb":{"@id":"https:\/\/quaduniverse.com\/en\/terms-and-rental-conditions\/#breadcrumb"},"inLanguage":"fr-FR","potentialAction":[{"@type":"ReadAction","target":["https:\/\/quaduniverse.com\/en\/terms-and-rental-conditions\/"]}]},{"@type":"ImageObject","inLanguage":"fr-FR","@id":"https:\/\/quaduniverse.com\/en\/terms-and-rental-conditions\/#primaryimage","url":"http:\/\/quaduniverse.com\/wp-content\/uploads\/2022\/11\/logo_quaduniverse-2.webp","contentUrl":"http:\/\/quaduniverse.com\/wp-content\/uploads\/2022\/11\/logo_quaduniverse-2.webp"},{"@type":"BreadcrumbList","@id":"https:\/\/quaduniverse.com\/en\/terms-and-rental-conditions\/#breadcrumb","itemListElement":[{"@type":"ListItem","position":1,"name":"Portada","item":"https:\/\/quaduniverse.com\/"},{"@type":"ListItem","position":2,"name":"Condiciones de alquiler"}]},{"@type":"WebSite","@id":"https:\/\/quaduniverse.com\/#website","url":"https:\/\/quaduniverse.com\/","name":"Quad Universe - Randonn\u00e9es guid\u00e9es en quad, Oropesa del Mar, Castell\u00f3n","description":"Rutas guiadas en quad, Oropesa del Mar (Castell\u00f3n)","publisher":{"@id":"https:\/\/quaduniverse.com\/#organization"},"alternateName":"Rutas guiadas en quad","potentialAction":[{"@type":"SearchAction","target":{"@type":"EntryPoint","urlTemplate":"https:\/\/quaduniverse.com\/?s={search_term_string}"},"query-input":{"@type":"PropertyValueSpecification","valueRequired":true,"valueName":"search_term_string"}}],"inLanguage":"fr-FR"},{"@type":"Organization","@id":"https:\/\/quaduniverse.com\/#organization","name":"Quad Universe - Randonn\u00e9es guid\u00e9es en quad, Oropesa del Mar, Castell\u00f3n","url":"https:\/\/quaduniverse.com\/","logo":{"@type":"ImageObject","inLanguage":"fr-FR","@id":"https:\/\/quaduniverse.com\/#\/schema\/logo\/image\/","url":"https:\/\/quaduniverse.com\/wp-content\/uploads\/2022\/11\/logo_quaduniverse-2.webp","contentUrl":"https:\/\/quaduniverse.com\/wp-content\/uploads\/2022\/11\/logo_quaduniverse-2.webp","width":450,"height":287,"caption":"Quad Universe"},"image":{"@id":"https:\/\/quaduniverse.com\/#\/schema\/logo\/image\/"},"sameAs":["https:\/\/facebook.com\/quaduniverse","https:\/\/instagram.com\/quadoropesa"]}]}},"tpgb_featured_images":null,"tpgb_post_meta_info":{"get_date":"11\/11\/2022","get_modified_date":"22\/11\/2022","author_name":"quaduniverse","author_url":"https:\/\/quaduniverse.com\/fr\/blog\/author\/quaduniverse\/","author_email":"quadoropesa@gmail.com","author_website":"http:\/\/quaduniverse.com","author_description":"","author_facebook":"","author_twitter":"","author_instagram":"","author_role":["administrator"],"author_firstname":"francois","author_lastname":"gonzalez","user_login":"quaduniverse","author_avatar":"<img alt='' src='https:\/\/quaduniverse.com\/wp-content\/litespeed\/avatar\/48ac2b4090c7c47f6ee8cfd3c8bf5c19.jpg?ver=1775322506' srcset='https:\/\/quaduniverse.com\/wp-content\/litespeed\/avatar\/4c7ca2782bf41b9f9fdf5624f0cc1390.jpg?ver=1775322506 2x' class='avatar avatar-200 photo' height='200' width='200' decoding='async'\/>","author_avatar_url":"https:\/\/quaduniverse.com\/wp-content\/litespeed\/avatar\/fa3031fa97329b58d6283e3ec4bf262b.jpg?ver=1775222464","comment_count":0,"post_likes":0,"post_views":0},"tpgb_post_category":[],"jetpack_sharing_enabled":true,"_links":{"self":[{"href":"https:\/\/quaduniverse.com\/fr\/wp-json\/wp\/v2\/pages\/1399","targetHints":{"allow":["GET"]}}],"collection":[{"href":"https:\/\/quaduniverse.com\/fr\/wp-json\/wp\/v2\/pages"}],"about":[{"href":"https:\/\/quaduniverse.com\/fr\/wp-json\/wp\/v2\/types\/page"}],"author":[{"embeddable":true,"href":"https:\/\/quaduniverse.com\/fr\/wp-json\/wp\/v2\/users\/1"}],"replies":[{"embeddable":true,"href":"https:\/\/quaduniverse.com\/fr\/wp-json\/wp\/v2\/comments?post=1399"}],"version-history":[{"count":0,"href":"https:\/\/quaduniverse.com\/fr\/wp-json\/wp\/v2\/pages\/1399\/revisions"}],"wp:attachment":[{"href":"https:\/\/quaduniverse.com\/fr\/wp-json\/wp\/v2\/media?parent=1399"}],"curies":[{"name":"wp","href":"https:\/\/api.w.org\/{rel}","templated":true}]}}