{"id":2989,"date":"2022-12-03T04:14:37","date_gmt":"2022-12-03T03:14:37","guid":{"rendered":"http:\/\/quaduniverse.com\/?post_type=product&#038;p=2989"},"modified":"2025-04-25T11:01:19","modified_gmt":"2025-04-25T09:01:19","slug":"bono-ruta-mirador-y-bosque-1h-15km-1-quad-mxu-400cc-para-2-personas-con-seguro-conductor","status":"publish","type":"product","link":"https:\/\/quaduniverse.com\/en\/tienda\/bono-ruta-mirador-y-bosque-1h-15km-1-quad-mxu-400cc-para-2-personas-con-seguro-conductor\/","title":{"rendered":"Bono Ruta \u201cMirador y Bosque\u201d (1h \/ 15Km) (1 quad TERROX 450 2025 para 2 personas) (Con seguro conductor)"},"content":{"rendered":"<p class=\"translation-block\">\u00a1Nuestro <strong>circuito estrella<\/strong> del verano, <strong>perfecto para tu primera experiencia con motor<\/strong>!<\/p>\n<p class=\"translation-block\">El circuito \u201cMirador y Bosque\u201d es <strong>apto para todos los niveles: principiantes y familias<\/strong>. Un recorrido mixto de aproximadamente 15 km \u2248 1 hora (seg\u00fan el grupo) que te permitir\u00e1 conocer algunos de los atractivos naturales m\u00e1s impresionantes de Oropesa del Mar en una<strong> divertida ruta 4\u00d74.<\/strong><\/p>\n<p class=\"translation-block\">Despu\u00e9s de ser instruidos por nuestro gu\u00eda profesional Fran, nos dirigimos al puerto deportivo donde comienzan los senderos de monta\u00f1a donde aprender\u00e1s a conducir (de verdad). La parte superior es un \u00e1rea llamada \u201cEl Mirador\u201d. Este lugar ofrece una <strong>vista \u00fanica de toda la costa levantina, desde Pe\u00f1\u00edscola hasta el Grao de Castell\u00f3n<\/strong> sin olvidar las Islas Columbretes.<\/p>\n<p class=\"translation-block\">La segunda parte de la ruta guiada en quad te llevar\u00e1 hasta la zona de \u201cLa Reneg\u00e1\/El Barco\u201d junto al Oropesa Kart. Un hermoso y <strong>emocionante bosque mediterr\u00e1neo<\/strong> donde conducir tu quad y pasarlo en grande. Un gran lugar para disfrutar de una experiencia todoterreno.<\/p>\n<p><strong><span style=\"color: #ff0000;\"><a style=\"color: #ff0000;\" href=\"http:\/\/quaduniverse.com\/en\/atv-guided-tours\/atv-circuit-mirador-y-bosque-1h\/\">Accede a la descripci\u00f3n completa de la ruta<\/a><\/span><\/strong><\/p>","protected":false},"excerpt":{"rendered":"<p>Bono de 1 quad MXU 400cc para 2 personas para una ruta guiada \u201cMirador y Bosque\u201d (1h).<\/p>\n<p><b>Incluye seguro de da\u00f1os corporales, asistencia sanitaria para el conductor y el acompa\u00f1ante. No cubre el material<\/b><b><br \/>\n<\/b>Ver detalle de la cobertura en tienda.<\/p>\n<p>Este bono tiene una validez de 6 meses.<\/p>\n<p>Para conducir hace falta un carnet de coche (B) valido. Acompa\u00f1antes con 7 a\u00f1os minimo.<\/p>\n<p>Requiere reserva previa para realizar la ruta.<br \/>\nPara confirmar fecha y hora de la ruta contactar con Quad Universe por email o tel\u00e9fono<\/p>","protected":false},"featured_media":1302,"template":"","meta":{"tpgb_global_settings":"","_joinchat":[]},"product_brand":[],"product_cat":[47],"product_tag":[],"class_list":{"0":"post-2989","1":"product","2":"type-product","3":"status-publish","4":"has-post-thumbnail","6":"product_cat-ruta-guiada-en-quad","7":"col-lg-4 col-md-6","9":"first","10":"instock","11":"featured","12":"virtual","13":"purchasable","14":"product-type-simple"},"yoast_head":"<!-- This site is optimized with the Yoast SEO plugin v27.3 - https:\/\/yoast.com\/product\/yoast-seo-wordpress\/ -->\n<title>Bono Ruta \u201cMirador y Bosque\u201d (1h \/ 15Km) (1 quad TERROX 450 2025 para 2 personas) (Con seguro conductor) - Quad Universe<\/title>\n<meta name=\"robots\" content=\"index, follow, max-snippet:-1, max-image-preview:large, max-video-preview:-1\" \/>\n<link rel=\"canonical\" href=\"https:\/\/quaduniverse.com\/en\/tienda\/bono-ruta-mirador-y-bosque-1h-15km-1-quad-mxu-400cc-para-2-personas-con-seguro-conductor\/\" \/>\n<meta property=\"og:locale\" content=\"en_GB\" \/>\n<meta property=\"og:type\" content=\"article\" \/>\n<meta property=\"og:title\" content=\"Bono Ruta \u201cMirador y Bosque\u201d (1h \/ 15Km) (1 quad TERROX 450 2025 para 2 personas) (Con seguro conductor) - Quad Universe\" \/>\n<meta property=\"og:description\" content=\"Bono de 1 quad MXU 400cc para 2 personas para una ruta guiada \u201cMirador y Bosque\u201d (1h).  Incluye seguro de da\u00f1os corporales, asistencia sanitaria para el conductor y el acompa\u00f1ante. No cubre el material Ver detalle de la cobertura en tienda.  Este bono tiene una validez de 6 meses.  Para conducir hace falta un carnet de coche (B) valido. Acompa\u00f1antes con 7 a\u00f1os minimo.  Requiere reserva previa para realizar la ruta. Para confirmar fecha y hora de la ruta contactar con Quad Universe por email o tel\u00e9fono\" \/>\n<meta property=\"og:url\" content=\"https:\/\/quaduniverse.com\/en\/tienda\/bono-ruta-mirador-y-bosque-1h-15km-1-quad-mxu-400cc-para-2-personas-con-seguro-conductor\/\" \/>\n<meta property=\"og:site_name\" content=\"Quad Universe\" \/>\n<meta property=\"article:publisher\" content=\"https:\/\/facebook.com\/quaduniverse\" \/>\n<meta property=\"article:modified_time\" content=\"2025-04-25T09:01:19+00:00\" \/>\n<meta property=\"og:image\" content=\"http:\/\/quaduniverse.com\/wp-content\/uploads\/2022\/11\/mirador1.webp\" \/>\n\t<meta property=\"og:image:width\" content=\"1000\" \/>\n\t<meta property=\"og:image:height\" content=\"1000\" \/>\n\t<meta property=\"og:image:type\" content=\"image\/webp\" \/>\n<meta name=\"twitter:card\" content=\"summary_large_image\" \/>\n<meta name=\"twitter:label1\" content=\"Estimated reading time\" \/>\n\t<meta name=\"twitter:data1\" content=\"1 minute\" \/>\n<script type=\"application\/ld+json\" class=\"yoast-schema-graph\">{\"@context\":\"https:\\\/\\\/schema.org\",\"@graph\":[{\"@type\":\"WebPage\",\"@id\":\"https:\\\/\\\/quaduniverse.com\\\/tienda\\\/bono-ruta-mirador-y-bosque-1h-15km-1-quad-mxu-400cc-para-2-personas-con-seguro-conductor\\\/\",\"url\":\"https:\\\/\\\/quaduniverse.com\\\/tienda\\\/bono-ruta-mirador-y-bosque-1h-15km-1-quad-mxu-400cc-para-2-personas-con-seguro-conductor\\\/\",\"name\":\"Bono Ruta \u201cMirador y Bosque\u201d (1h \\\/ 15Km) (1 quad TERROX 450 2025 para 2 personas) (Con seguro conductor) - Quad Universe\",\"isPartOf\":{\"@id\":\"https:\\\/\\\/quaduniverse.com\\\/#website\"},\"primaryImageOfPage\":{\"@id\":\"https:\\\/\\\/quaduniverse.com\\\/tienda\\\/bono-ruta-mirador-y-bosque-1h-15km-1-quad-mxu-400cc-para-2-personas-con-seguro-conductor\\\/#primaryimage\"},\"image\":{\"@id\":\"https:\\\/\\\/quaduniverse.com\\\/tienda\\\/bono-ruta-mirador-y-bosque-1h-15km-1-quad-mxu-400cc-para-2-personas-con-seguro-conductor\\\/#primaryimage\"},\"thumbnailUrl\":\"https:\\\/\\\/quaduniverse.com\\\/wp-content\\\/uploads\\\/2022\\\/11\\\/mirador1.webp\",\"datePublished\":\"2022-12-03T03:14:37+00:00\",\"dateModified\":\"2025-04-25T09:01:19+00:00\",\"breadcrumb\":{\"@id\":\"https:\\\/\\\/quaduniverse.com\\\/tienda\\\/bono-ruta-mirador-y-bosque-1h-15km-1-quad-mxu-400cc-para-2-personas-con-seguro-conductor\\\/#breadcrumb\"},\"inLanguage\":\"en-GB\",\"potentialAction\":[{\"@type\":\"ReadAction\",\"target\":[\"https:\\\/\\\/quaduniverse.com\\\/tienda\\\/bono-ruta-mirador-y-bosque-1h-15km-1-quad-mxu-400cc-para-2-personas-con-seguro-conductor\\\/\"]}]},{\"@type\":\"ImageObject\",\"inLanguage\":\"en-GB\",\"@id\":\"https:\\\/\\\/quaduniverse.com\\\/tienda\\\/bono-ruta-mirador-y-bosque-1h-15km-1-quad-mxu-400cc-para-2-personas-con-seguro-conductor\\\/#primaryimage\",\"url\":\"https:\\\/\\\/quaduniverse.com\\\/wp-content\\\/uploads\\\/2022\\\/11\\\/mirador1.webp\",\"contentUrl\":\"https:\\\/\\\/quaduniverse.com\\\/wp-content\\\/uploads\\\/2022\\\/11\\\/mirador1.webp\",\"width\":1000,\"height\":1000},{\"@type\":\"BreadcrumbList\",\"@id\":\"https:\\\/\\\/quaduniverse.com\\\/tienda\\\/bono-ruta-mirador-y-bosque-1h-15km-1-quad-mxu-400cc-para-2-personas-con-seguro-conductor\\\/#breadcrumb\",\"itemListElement\":[{\"@type\":\"ListItem\",\"position\":1,\"name\":\"Portada\",\"item\":\"https:\\\/\\\/quaduniverse.com\\\/\"},{\"@type\":\"ListItem\",\"position\":2,\"name\":\"Productos\",\"item\":\"https:\\\/\\\/quaduniverse.com\\\/shop\\\/\"},{\"@type\":\"ListItem\",\"position\":3,\"name\":\"Bono Ruta \u201cMirador y Bosque\u201d (1h \\\/ 15Km) (1 quad TERROX 450 2025 para 2 personas) (Con seguro conductor)\"}]},{\"@type\":\"WebSite\",\"@id\":\"https:\\\/\\\/quaduniverse.com\\\/#website\",\"url\":\"https:\\\/\\\/quaduniverse.com\\\/\",\"name\":\"Quad Universe\",\"description\":\"Rutas guiadas en quad, Oropesa del Mar (Castell\u00f3n)\",\"publisher\":{\"@id\":\"https:\\\/\\\/quaduniverse.com\\\/#organization\"},\"alternateName\":\"Rutas guiadas en quad\",\"potentialAction\":[{\"@type\":\"SearchAction\",\"target\":{\"@type\":\"EntryPoint\",\"urlTemplate\":\"https:\\\/\\\/quaduniverse.com\\\/?s={search_term_string}\"},\"query-input\":{\"@type\":\"PropertyValueSpecification\",\"valueRequired\":true,\"valueName\":\"search_term_string\"}}],\"inLanguage\":\"en-GB\"},{\"@type\":\"Organization\",\"@id\":\"https:\\\/\\\/quaduniverse.com\\\/#organization\",\"name\":\"Quad Universe\",\"url\":\"https:\\\/\\\/quaduniverse.com\\\/\",\"logo\":{\"@type\":\"ImageObject\",\"inLanguage\":\"en-GB\",\"@id\":\"https:\\\/\\\/quaduniverse.com\\\/#\\\/schema\\\/logo\\\/image\\\/\",\"url\":\"https:\\\/\\\/quaduniverse.com\\\/wp-content\\\/uploads\\\/2022\\\/11\\\/logo_quaduniverse-2.webp\",\"contentUrl\":\"https:\\\/\\\/quaduniverse.com\\\/wp-content\\\/uploads\\\/2022\\\/11\\\/logo_quaduniverse-2.webp\",\"width\":450,\"height\":287,\"caption\":\"Quad Universe\"},\"image\":{\"@id\":\"https:\\\/\\\/quaduniverse.com\\\/#\\\/schema\\\/logo\\\/image\\\/\"},\"sameAs\":[\"https:\\\/\\\/facebook.com\\\/quaduniverse\",\"https:\\\/\\\/instagram.com\\\/quadoropesa\"]}]}<\/script>\n<!-- \/ Yoast SEO plugin. -->","yoast_head_json":{"title":"Bono Ruta \u201cMirador y Bosque\u201d (1h \/ 15Km) (1 quad TERROX 450 2025 para 2 personas) (Con seguro conductor) - Quad Universe","robots":{"index":"index","follow":"follow","max-snippet":"max-snippet:-1","max-image-preview":"max-image-preview:large","max-video-preview":"max-video-preview:-1"},"canonical":"https:\/\/quaduniverse.com\/en\/tienda\/bono-ruta-mirador-y-bosque-1h-15km-1-quad-mxu-400cc-para-2-personas-con-seguro-conductor\/","og_locale":"en_GB","og_type":"article","og_title":"Bono Ruta \u201cMirador y Bosque\u201d (1h \/ 15Km) (1 quad TERROX 450 2025 para 2 personas) (Con seguro conductor) - Quad Universe","og_description":"Bono de 1 quad MXU 400cc para 2 personas para una ruta guiada \u201cMirador y Bosque\u201d (1h).  Incluye seguro de da\u00f1os corporales, asistencia sanitaria para el conductor y el acompa\u00f1ante. No cubre el material Ver detalle de la cobertura en tienda.  Este bono tiene una validez de 6 meses.  Para conducir hace falta un carnet de coche (B) valido. Acompa\u00f1antes con 7 a\u00f1os minimo.  Requiere reserva previa para realizar la ruta. Para confirmar fecha y hora de la ruta contactar con Quad Universe por email o tel\u00e9fono","og_url":"https:\/\/quaduniverse.com\/en\/tienda\/bono-ruta-mirador-y-bosque-1h-15km-1-quad-mxu-400cc-para-2-personas-con-seguro-conductor\/","og_site_name":"Quad Universe","article_publisher":"https:\/\/facebook.com\/quaduniverse","article_modified_time":"2025-04-25T09:01:19+00:00","og_image":[{"width":1000,"height":1000,"url":"http:\/\/quaduniverse.com\/wp-content\/uploads\/2022\/11\/mirador1.webp","type":"image\/webp"}],"twitter_card":"summary_large_image","twitter_misc":{"Estimated reading time":"1 minute"},"schema":{"@context":"https:\/\/schema.org","@graph":[{"@type":"WebPage","@id":"https:\/\/quaduniverse.com\/tienda\/bono-ruta-mirador-y-bosque-1h-15km-1-quad-mxu-400cc-para-2-personas-con-seguro-conductor\/","url":"https:\/\/quaduniverse.com\/tienda\/bono-ruta-mirador-y-bosque-1h-15km-1-quad-mxu-400cc-para-2-personas-con-seguro-conductor\/","name":"Bono Ruta \u201cMirador y Bosque\u201d (1h \/ 15Km) (1 quad TERROX 450 2025 para 2 personas) (Con seguro conductor) - Quad Universe","isPartOf":{"@id":"https:\/\/quaduniverse.com\/#website"},"primaryImageOfPage":{"@id":"https:\/\/quaduniverse.com\/tienda\/bono-ruta-mirador-y-bosque-1h-15km-1-quad-mxu-400cc-para-2-personas-con-seguro-conductor\/#primaryimage"},"image":{"@id":"https:\/\/quaduniverse.com\/tienda\/bono-ruta-mirador-y-bosque-1h-15km-1-quad-mxu-400cc-para-2-personas-con-seguro-conductor\/#primaryimage"},"thumbnailUrl":"https:\/\/quaduniverse.com\/wp-content\/uploads\/2022\/11\/mirador1.webp","datePublished":"2022-12-03T03:14:37+00:00","dateModified":"2025-04-25T09:01:19+00:00","breadcrumb":{"@id":"https:\/\/quaduniverse.com\/tienda\/bono-ruta-mirador-y-bosque-1h-15km-1-quad-mxu-400cc-para-2-personas-con-seguro-conductor\/#breadcrumb"},"inLanguage":"en-GB","potentialAction":[{"@type":"ReadAction","target":["https:\/\/quaduniverse.com\/tienda\/bono-ruta-mirador-y-bosque-1h-15km-1-quad-mxu-400cc-para-2-personas-con-seguro-conductor\/"]}]},{"@type":"ImageObject","inLanguage":"en-GB","@id":"https:\/\/quaduniverse.com\/tienda\/bono-ruta-mirador-y-bosque-1h-15km-1-quad-mxu-400cc-para-2-personas-con-seguro-conductor\/#primaryimage","url":"https:\/\/quaduniverse.com\/wp-content\/uploads\/2022\/11\/mirador1.webp","contentUrl":"https:\/\/quaduniverse.com\/wp-content\/uploads\/2022\/11\/mirador1.webp","width":1000,"height":1000},{"@type":"BreadcrumbList","@id":"https:\/\/quaduniverse.com\/tienda\/bono-ruta-mirador-y-bosque-1h-15km-1-quad-mxu-400cc-para-2-personas-con-seguro-conductor\/#breadcrumb","itemListElement":[{"@type":"ListItem","position":1,"name":"Portada","item":"https:\/\/quaduniverse.com\/"},{"@type":"ListItem","position":2,"name":"Productos","item":"https:\/\/quaduniverse.com\/shop\/"},{"@type":"ListItem","position":3,"name":"Bono Ruta \u201cMirador y Bosque\u201d (1h \/ 15Km) (1 quad TERROX 450 2025 para 2 personas) (Con seguro conductor)"}]},{"@type":"WebSite","@id":"https:\/\/quaduniverse.com\/#website","url":"https:\/\/quaduniverse.com\/","name":"Quad Universe - ATV guided tours, Oropesa del Mar, Castell\u00f3n","description":"Rutas guiadas en quad, Oropesa del Mar (Castell\u00f3n)","publisher":{"@id":"https:\/\/quaduniverse.com\/#organization"},"alternateName":"Rutas guiadas en quad","potentialAction":[{"@type":"SearchAction","target":{"@type":"EntryPoint","urlTemplate":"https:\/\/quaduniverse.com\/?s={search_term_string}"},"query-input":{"@type":"PropertyValueSpecification","valueRequired":true,"valueName":"search_term_string"}}],"inLanguage":"en-GB"},{"@type":"Organization","@id":"https:\/\/quaduniverse.com\/#organization","name":"Quad Universe - ATV guided tours, Oropesa del Mar, Castell\u00f3n","url":"https:\/\/quaduniverse.com\/","logo":{"@type":"ImageObject","inLanguage":"en-GB","@id":"https:\/\/quaduniverse.com\/#\/schema\/logo\/image\/","url":"https:\/\/quaduniverse.com\/wp-content\/uploads\/2022\/11\/logo_quaduniverse-2.webp","contentUrl":"https:\/\/quaduniverse.com\/wp-content\/uploads\/2022\/11\/logo_quaduniverse-2.webp","width":450,"height":287,"caption":"Quad Universe"},"image":{"@id":"https:\/\/quaduniverse.com\/#\/schema\/logo\/image\/"},"sameAs":["https:\/\/facebook.com\/quaduniverse","https:\/\/instagram.com\/quadoropesa"]}]}},"tpgb_featured_images":{"full":["https:\/\/quaduniverse.com\/wp-content\/uploads\/2022\/11\/mirador1.webp",1000,1000,false],"tp-image-grid":["https:\/\/quaduniverse.com\/wp-content\/uploads\/2022\/11\/mirador1.webp",700,700,false],"thumbnail":["https:\/\/quaduniverse.com\/wp-content\/uploads\/2022\/11\/mirador1-150x150.webp",150,150,true],"medium":["https:\/\/quaduniverse.com\/wp-content\/uploads\/2022\/11\/mirador1-300x300.webp",300,300,true],"medium_large":["https:\/\/quaduniverse.com\/wp-content\/uploads\/2022\/11\/mirador1-768x768.webp",768,768,true],"large":["https:\/\/quaduniverse.com\/wp-content\/uploads\/2022\/11\/mirador1.webp",1000,1000,false],"default":"https:\/\/quaduniverse.com\/wp-content\/plugins\/the-plus-addons-for-block-editor\/assets\/images\/tpgb-placeholder.jpg"},"tpgb_post_meta_info":{"get_date":"03\/12\/2022","get_modified_date":"25\/04\/2025","category_list":{"product_brand":false,"product_cat":[{"term_id":47,"name":"Ruta guiada en quad","slug":"ruta-guiada-en-quad","term_group":0,"term_taxonomy_id":47,"taxonomy":"product_cat","description":"","parent":0,"count":6,"filter":"raw"}],"product_tag":false},"comment_count":0,"post_likes":0,"post_views":0},"tpgb_post_category":{"product_cat":"<a href=\"https:\/\/quaduniverse.com\/en\/categoria-producto\/ruta-guiada-en-quad\/\" alt=\"Ruta guiada en quad\"  class=\"product_cat-ruta-guiada-en-quad\">Ruta guiada en quad<\/a> "},"tpgb_product_data":{"price_html":"<span class=\"woocommerce-Price-amount amount\"><bdi>85,00&nbsp;<span class=\"woocommerce-Price-currencySymbol\">&euro;<\/span><\/bdi><\/span>","type":"simple","gallery":["https:\/\/quaduniverse.com\/wp-content\/uploads\/2022\/11\/mirador4.webp",1000,1000,false],"category":"Ruta guiada en quad","procatslug":"ruta-guiada-en-quad"},"jetpack_sharing_enabled":true,"_links":{"self":[{"href":"https:\/\/quaduniverse.com\/en\/wp-json\/wp\/v2\/product\/2989","targetHints":{"allow":["GET"]}}],"collection":[{"href":"https:\/\/quaduniverse.com\/en\/wp-json\/wp\/v2\/product"}],"about":[{"href":"https:\/\/quaduniverse.com\/en\/wp-json\/wp\/v2\/types\/product"}],"wp:featuredmedia":[{"embeddable":true,"href":"https:\/\/quaduniverse.com\/en\/wp-json\/wp\/v2\/media\/1302"}],"wp:attachment":[{"href":"https:\/\/quaduniverse.com\/en\/wp-json\/wp\/v2\/media?parent=2989"}],"wp:term":[{"taxonomy":"product_brand","embeddable":true,"href":"https:\/\/quaduniverse.com\/en\/wp-json\/wp\/v2\/product_brand?post=2989"},{"taxonomy":"product_cat","embeddable":true,"href":"https:\/\/quaduniverse.com\/en\/wp-json\/wp\/v2\/product_cat?post=2989"},{"taxonomy":"product_tag","embeddable":true,"href":"https:\/\/quaduniverse.com\/en\/wp-json\/wp\/v2\/product_tag?post=2989"}],"curies":[{"name":"wp","href":"https:\/\/api.w.org\/{rel}","templated":true}]}}